{"id":5684,"date":"2023-05-06T12:33:20","date_gmt":"2023-05-06T09:33:20","guid":{"rendered":"https:\/\/elithukuk.com\/?page_id=5684"},"modified":"2023-05-07T12:48:29","modified_gmt":"2023-05-07T09:48:29","slug":"tup-bebek-ve-tup-bebek-tedavisinin-hukuktaki-yeri","status":"publish","type":"page","link":"https:\/\/elithukuk.com\/en\/tup-bebek-ve-tup-bebek-tedavisinin-hukuktaki-yeri\/","title":{"rendered":"T\u00dcP BEBEK VE T\u00dcP BEBEK TEDAV\u0130S\u0130N\u0130N HUKUKTAK\u0130 YER\u0130"},"content":{"rendered":"\t\t<div data-elementor-type=\"wp-page\" data-elementor-id=\"5684\" class=\"elementor elementor-5684\" data-elementor-settings=\"[]\">\n\t\t\t\t\t\t<div class=\"elementor-inner\">\n\t\t\t\t\t\t\t<div class=\"elementor-section-wrap\">\n\t\t\t\t\t\t\t<section class=\"elementor-section elementor-top-section elementor-element elementor-element-03fe83b elementor-section-boxed elementor-section-height-default elementor-section-height-default qodef-elementor-content-no\" data-id=\"03fe83b\" data-element_type=\"section\">\n\t\t\t\t\t\t<div class=\"elementor-container elementor-column-gap-default\">\n\t\t\t\t\t\t\t<div class=\"elementor-row\">\n\t\t\t\t\t<div class=\"elementor-column elementor-col-100 elementor-top-column elementor-element elementor-element-9d0c62f\" data-id=\"9d0c62f\" data-element_type=\"column\">\n\t\t\t<div class=\"elementor-column-wrap elementor-element-populated\">\n\t\t\t\t\t\t\t<div class=\"elementor-widget-wrap\">\n\t\t\t\t\t\t<div class=\"elementor-element elementor-element-e68f5af elementor-widget elementor-widget-text-editor\" data-id=\"e68f5af\" data-element_type=\"widget\" data-widget_type=\"text-editor.default\">\n\t\t\t\t<div class=\"elementor-widget-container\">\n\t\t\t\t\t<div class=\"elementor-text-editor elementor-clearfix\"><p style=\"padding-left: 40px;\">\n<\/p><h6 style=\"padding-left: 40px;\"><strong><span style=\"color: #333333;\"><u>T\u00dcP BEBEK VE T\u00dcP BEBEK TEDAV\u0130S\u0130N\u0130N HUKUKTAK\u0130 YER\u0130<\/u><\/span><\/strong><\/h6>\n<p style=\"padding-left: 40px;\">\n<\/p><p style=\"padding-left: 40px;\">\u0130nsano\u011flunun do\u011fal yap\u0131s\u0131nda bulunan \u00fcreme, kimi \u00e7iftlerde normal yollardan ger\u00e7ekle\u015firken baz\u0131lar\u0131nda ise maalesef bu m\u00fcmk\u00fcn olmayabiliyor. \u0130\u015fte bu noktada insano\u011flunun yard\u0131m\u0131na ve tedavisine, teknoloji ve bu teknolojiden m\u00fctevellit laboratuvar uygulamalar\u0131 ko\u015fmaktad\u0131r. Bu tedavi y\u00f6nteminde erkek ve di\u015fi \u00fcreme h\u00fccrelerinin laboratuvar ko\u015fullar\u0131nda bir araya getirilerek olu\u015fan embriyolar\u0131n gerekli geli\u015fim evrelerini tamamlamas\u0131 sonras\u0131nda anne karn\u0131na yerle\u015ftirilmesi ile sa\u011flanmaktad\u0131r. T\u00fcp bebek y\u00f6nteminin yeni bir uygulama olmas\u0131 nedeniyle di\u011fer \u00fclkeler gibi \u00fclkemizde de bu uygulaman\u0131n hukuki altyap\u0131s\u0131n\u0131n olu\u015fturulmas\u0131 ve olu\u015fturulan bu altyap\u0131 \u00e7er\u00e7evesinde olana\u011f\u0131n sa\u011flanmas\u0131 ka\u00e7\u0131n\u0131lmazd\u0131r.<\/p>\n<p style=\"padding-left: 40px;\">\n<\/p><p style=\"padding-left: 40px;\">Uzun s\u00fcredir beklenen T\u00fcp Bebek Y\u00f6netmeli\u011fi nihayet, 06.03.2010 tarihinde Resmi&nbsp;Gazete\u2019de yay\u0131mlanarak y\u00fcr\u00fcrl\u00fc\u011fe girmi\u015f bulunmaktad\u0131r. Bu y\u00f6netmelik <span style=\"text-decoration: line-through;\">ki\u015fisel<\/span> kan\u0131mca gerek T\u0131p&nbsp; \u00e7evrelerinde gerekse t\u00fcp <span style=\"text-decoration: line-through;\">bebek yapt\u0131rmay\u0131 <\/span>&nbsp;bebe\u011fe sahip olmay\u0131 planlayan \u00e7iftler aras\u0131nda uzun s\u00fcredir beklendi\u011fi i\u00e7in y\u00f6netmeli\u011fin yay\u0131mlanmas\u0131ndan sonra getirmi\u015f oldu\u011fu k\u0131staslar nedeniyle bir hayli tart\u0131\u015f\u0131laca\u011fa benziyor. Zira Y\u00f6netmelik hem t\u00fcp bebek sahas\u0131nda \u00e7al\u0131\u015fan \u201cT\u00fcp Bebek Merkezlerini\u201d yeniden d\u00fczenlemekte hem de t\u00fcp bebek tedavilerine planlama a\u00e7\u0131s\u0131ndan ciddi d\u00fczenlemeler getirmektedir.<\/p>\n<p style=\"padding-left: 40px;\">\u015e\u00f6yle ki;<\/p>\n<p style=\"padding-left: 40px;\">T\u00fcrk hukukunda \u00fcreme y\u00f6ntemleri ve kurallar\u0131 ile ilgili uygulamaya sokulan 06.03.2010 tarihli \u00dcremeye Yard\u0131mc\u0131 Tedavi Merkezleri Y\u00f6netmeli\u011finin ilk maddesinde \u201cama\u00e7\u201d a\u00e7\u0131klanm\u0131\u015ft\u0131r. <span style=\"text-decoration: line-through;\">Y\u00f6netmeli\u011fin ama\u00e7 maddesinde <\/span>S\u00f6z konusu h\u00fck\u00fcm;<\/p>\n<p style=\"padding-left: 40px;\">\n<\/p><p style=\"padding-left: 40px;\">\u201c<u>Bu y\u00f6netmeli\u011fin amac\u0131; \u00e7ocuk sahibi olamayan evli \u00e7iftlerden, t\u0131bben uygun g\u00f6r\u00fclenlerin \u00fcremeye yard\u0131mc\u0131 tedavi metotlar\u0131 vas\u0131tas\u0131yla \u00e7ocuk sahibi olmalar\u0131 i\u00e7in ger\u00e7ekle\u015ftirilecek uygulaman\u0131n esaslar\u0131n\u0131, bu uygulamay\u0131 yapacak merkezlerin a\u00e7\u0131lmas\u0131, \u00e7al\u0131\u015fmas\u0131 ve denetlenmesi ile ilgili usul ve esaslar\u0131 d\u00fczenlemektir.<\/u>\u201d demektedir.<\/p>\n<p style=\"padding-left: 40px;\">\n<\/p><p style=\"padding-left: 40px;\">Y\u00f6netmeli\u011fe g\u00f6re t\u00fcp bebek y\u00f6ntemi ile \u00e7ocuk sahibi olmak isteyenlerin bir k\u0131s\u0131m \u015fartlara sahip olmalar\u0131 gerekmektedir. Bu \u015fartlar da yine ayn\u0131 Y\u00f6netmeli\u011fin 15. ve Ek-2 maddelerinde a\u00e7\u0131k bir \u015fekilde yaz\u0131lm\u0131\u015ft\u0131r. \u00dcremeye Yard\u0131mc\u0131 Tedavi Merkezleri Y\u00f6netmeli\u011fi madde 15 ve madde Ek 2 \u00e7er\u00e7evesinde hadiseye bak\u0131ld\u0131\u011f\u0131nda sadece evli \u00e7iftlere ait \u00fcreme h\u00fccreleri kullan\u0131larak homolog yapay d\u00f6llenmeye izin verildi\u011fi kolayl\u0131kla g\u00f6r\u00fclebilmektedir. Y\u00f6netmelik, evli bir kad\u0131na ait yumurta ile kocas\u0131 d\u0131\u015f\u0131ndaki bir erke\u011fin spermi ile yap\u0131lan heterolog yapay d\u00f6llenmeye izin vermemektedir. Bu durum kar\u015f\u0131s\u0131nda T\u00fcrk hukukunun evli olmayan \u00e7iftlerin embriyo nakli, sperm ba\u011f\u0131\u015f\u0131, yumurta ba\u011f\u0131\u015f\u0131 veya ta\u015f\u0131y\u0131c\u0131 anneli\u011fine izin vermedi\u011fi kolayl\u0131kla g\u00f6r\u00fclebilmektedir. Konuyu biraz daha a\u00e7acak olursak Hasta Se\u00e7im Kriterleri \u00e7er\u00e7evesinde olaya bak\u0131ld\u0131\u011f\u0131nda \u00dcYTE uygulanacak olanlar\u0131n;<\/p>\n<p style=\"padding-left: 40px;\">1-Evli \u00e7ift olmas\u0131,<\/p>\n<p style=\"padding-left: 40px;\">2-Sadece kendilerine ait \u00fcreme h\u00fccrelerinin kullan\u0131lmas\u0131,<\/p>\n<p style=\"padding-left: 40px;\">3-Evli \u00e7iftlerin bu y\u00f6netmelikte \u00f6ng\u00f6r\u00fclen tedavi y\u00f6ntemleri d\u0131\u015f\u0131ndaki mevcut tedavi y\u00f6ntemleri ile \u00e7ocuk sahibi olamad\u0131klar\u0131n\u0131 belgelemi\u015f olmas\u0131, ko\u015fullar\u0131 aranmaktad\u0131r.<\/p>\n<p style=\"padding-left: 40px;\">\n<\/p><p style=\"padding-left: 40px;\">Yukar\u0131daki \u015fartlara bak\u0131ld\u0131\u011f\u0131nda T\u00fcrk hukukunda t\u00fcp bebek y\u00f6nteminin ancak ve ancak evli \u00e7iftlere uyguland\u0131\u011f\u0131 bir kez daha a\u00e7\u0131k \u015fekilde anla\u015f\u0131lmaktad\u0131r. Hatta bu \u015fart\u0131n aranmas\u0131n\u0131n gerekli olup olmad\u0131\u011f\u0131 y\u00f6n\u00fcnde her ne kadar bir\u00e7ok tart\u0131\u015fma ya\u015fanmaktaysa da y\u00f6netmelikte bu husus olmazsa olmaz \u015fart olarak yer almaya devam etmi\u015ftir. Bir k\u0131s\u0131m m\u00fcellif taraf\u0131ndan b\u00f6yle bir \u015fart\u0131n varl\u0131\u011f\u0131n\u0131n, toplumumuzun \u00f6rf ve adetlerinin korunmas\u0131 bak\u0131m\u0131ndan gerekli oldu\u011fu savunulmu\u015fken di\u011fer m\u00fcelliflere g\u00f6re ise t\u00fcp bebek y\u00f6nteminin sadece evli olan \u00e7iftlere uygulanmas\u0131, ki\u015finin \u00f6zg\u00fcrl\u00fc\u011f\u00fcn\u00fc s\u0131n\u0131rlayan ve ayr\u0131mc\u0131l\u0131k olgusunu yaratan bir \u015fart <span style=\"text-decoration: line-through;\">olarak<\/span> oldu\u011fu ileri s\u00fcr\u00fclm\u00fc\u015ft\u00fcr. Her ne kadar tart\u0131\u015fma yaratan bir \u015fart olsa da \u015fu andaki mevcut d\u00fczenlemeye g\u00f6re \u00e7iftlerin evli olmas\u0131 tart\u0131\u015fmas\u0131z ge\u00e7erlilik ko\u015fulu olarak kabul edilmi\u015f ve bu \u015fekilde uygulanmaya devam edilmektedir.<\/p>\n<p style=\"padding-left: 40px;\">Bu \u015fartlar\u0131n ger\u00e7ekle\u015fmesi durumunda;<\/p>\n<ul>\n<li style=\"list-style-type: none;\">\n<ul>\n<li>A\u00e7\u0131klanamayan k\u0131s\u0131rl\u0131k varl\u0131\u011f\u0131nda,<\/li>\n<li>T\u00fcplerin her ikisinin de t\u0131kal\u0131 olmas\u0131 durumunda,<\/li>\n<li>Yumurtlama bozukluklar\u0131, ileri derece polikistik over sendromu varl\u0131\u011f\u0131nda,<\/li>\n<li>Endometriyozis hastal\u0131\u011f\u0131, endometriyoma (\u00e7ikolata kistleri) varl\u0131\u011f\u0131nda,<\/li>\n<li>Sperm kalite bozukluklar\u0131, azospermide,<\/li>\n<li>Servikal fakt\u00f6r tespit edildi\u011finde,<\/li>\n<li>\u0130mmunolojik fakt\u00f6rler<\/li>\n<\/ul>\n<\/li>\n<\/ul>\n<p style=\"padding-left: 40px;\">s\u00f6z konusu ise t\u00fcp bebek y\u00f6ntemi uygulanabilecektir.<\/p>\n<p style=\"padding-left: 40px;\">Ayr\u0131ca y\u00f6netmeli\u011fin 18. maddesinin 5. f\u0131kras\u0131nda \u201c<em>\u00dcYTE uygulanacak e\u015flere sadece kendilerine ait \u00fcreme h\u00fccreleri uygulan\u0131r. Herhangi bir \u015fekilde don\u00f6r kullan\u0131lmas\u0131, don\u00f6r kullan\u0131larak embriyo elde edilmesi, adaylardan al\u0131nan yumurta ve spermler ile elde edilen embriyolar\u0131n ba\u015fka adaylarda, aday olmayanlardan al\u0131nanlar da adaylarda kullan\u0131lmas\u0131 ve uygulanmas\u0131 yasakt\u0131r. Bu yasaklara ayk\u0131r\u0131 olarak elde edilen gebeliklerin herhangi bir a\u015famada tespit edilmesi durumunda, merkez s\u00fcresiz kapat\u0131larak bu i\u015flemi yapan ki\u015filerin sertifikalar\u0131 iptal edilir ve ilgili t\u00fcm \u00e7al\u0131\u015fanlar\u0131n da s\u00fcresiz olarak \u00dcYTE merkezlerinde \u00e7al\u0131\u015fmalar\u0131na izin verilmez<\/em>\u201d demektedir. Bu maddeden anla\u015f\u0131ld\u0131\u011f\u0131 gibi sperm ba\u011f\u0131\u015f\u0131, yumurta ba\u011f\u0131\u015f\u0131 ve ta\u015f\u0131y\u0131c\u0131 anneli\u011fe T\u00fcrk hukukunda izin verilmemektedir. Aksi halde ilgililer hakk\u0131nda hukuki m\u00fceyyidenin uygulanmas\u0131 ka\u00e7\u0131n\u0131lmaz olacakt\u0131r.<\/p>\n<p style=\"padding-left: 40px;\">T\u00fcrk hukukunda ayr\u0131ca t\u00fcp bebek hakk\u0131nda ba\u015fkaca bir d\u00fczenleme daha yer almaktad\u0131r. Bu da normal yollarla \u00e7ocuk sahibi olamayan \u00e7iftlere devlet yard\u0131m\u0131n\u0131n sa\u011flanmas\u0131 hakk\u0131ndaki d\u00fczenlemedir. Ancak bunun i\u00e7in de SGK\u2018l\u0131 olmak esast\u0131r. Sa\u011fl\u0131k \u0130\u015fleri Genel M\u00fcd\u00fcrl\u00fc\u011f\u00fc\u2019n\u00fcn 23.04.2010 tarihinde yay\u0131mlam\u0131\u015f oldu\u011fu genelgeye g\u00f6re SGK\u2018l\u0131 olanlar\u0131n normal yollarla \u00e7ocuk sahibi olamamas\u0131 durumunda t\u00fcp bebek y\u00f6nteminden faydalanabilmeleri i\u00e7in tedavi masraflar\u0131n\u0131n devlet taraf\u0131ndan kar\u015f\u0131lanaca\u011f\u0131 \u00f6ng\u00f6r\u00fclm\u00fc\u015ft\u00fcr. Ancak bunun i\u00e7in de baz\u0131 \u015fartlar\u0131n varl\u0131\u011f\u0131 aranm\u0131\u015ft\u0131r. T\u00fcp bebek y\u00f6nteminin uygulanabilmesi i\u00e7in yukar\u0131da sayd\u0131\u011f\u0131m\u0131z \u015fartlar\u0131n mevcut olmas\u0131 d\u0131\u015f\u0131nda tedavi masraflar\u0131n\u0131n kar\u015f\u0131lanmas\u0131 i\u00e7in de ilave baz\u0131 \u015fartlar say\u0131lm\u0131\u015ft\u0131r.<\/p>\n<h6 style=\"padding-left: 40px;\"><span style=\"color: rgb(0, 0, 0); font-family: Lato, sans-serif;\">Bunlar:<\/span><\/h6>\n<ul>\n<li style=\"list-style-type: none;\">\n<ul>\n<li>Evvela bu yard\u0131mdan yararlanabilmek i\u00e7in SGK\u2018l\u0131 olmak \u015fart\u0131,<\/li>\n<li>T\u00fcp bebek tedavisinin zorunlu oldu\u011funa dair belge sahibi olunmas\u0131 \u015fart\u0131, (\u00c7iftlerin bu belgeyi Sa\u011fl\u0131k Bakanl\u0131\u011f\u0131\u2019n\u0131n e\u011fitim ve ara\u015ft\u0131rmayla ilgili \u00fcniversite hastanelerinin herhangi birinden almalar\u0131 gerekmektedir.)<\/li>\n<li>Yine bu yard\u0131mdan yararlanabilmek i\u00e7in bir ya\u015f s\u0131n\u0131r\u0131 getirilmi\u015ftir ki bu da 23-39 aras\u0131d\u0131r ve deneme say\u0131s\u0131 da 2 olarak belirlenmi\u015ftir.<\/li>\n<\/ul>\n<\/li>\n<\/ul>\n<p style=\"padding-left: 40px;\">Getirilen de\u011fi\u015fikliklerden en \u00f6nemlisi de asl\u0131nda burada yer almaktad\u0131r. Daha \u00f6nceki uygulamada ya\u015f s\u0131n\u0131r\u0131 40 iken \u015fimdi 39\u2018a, deneme say\u0131s\u0131 da 3\u2019ten 2\u2019ye indirilmi\u015ftir. Bu \u015fartlar\u0131n mevcut olmas\u0131 durumunda SGK\u2019n\u0131n \u00e7iftlere sa\u011flad\u0131\u011f\u0131 yard\u0131m, tedavi giderlerinin %20\u2019si, ila\u00e7 giderlerinin ise %80\u2018ini kar\u015f\u0131lamak \u015feklindedir. \u00c7iftlerin en \u00e7ok sorduklar\u0131 sorular aras\u0131nda bu yard\u0131mdan yararlanabilmek i\u00e7in SGK\u2018n\u0131n anla\u015fmal\u0131 oldu\u011fu hastanelerde mi t\u00fcp bebek y\u00f6nteminin uygulanmas\u0131 gerekti\u011fi yoksa \u00e7iftlerin tercih edebilece\u011fi herhangi bir hastanede de bu yard\u0131mdan yararlan\u0131p yararlanamayacaklar\u0131d\u0131r. Bu hususta \u00f6zellikle belirtmek gerekir ki <span style=\"text-decoration: line-through;\">sadece ve<\/span> sadece ve sadece <b>SGK ile anla\u015fmas\u0131 olan merkezlerde<\/b> \u00e7iftler bu yard\u0131mdan faydalanabilmektedirler.<\/p>\n<p style=\"padding-left: 40px;\">Yine Sosyal G\u00fcvenlik Kurumu <span style=\"text-decoration: line-through;\">Ba\u015fkanl\u0131\u011f\u0131ndan<\/span> Ba\u015fkanl\u0131\u011f\u0131n\u0131n IVF (T\u00fcp Bebek) \u0130\u015flemleri Hakk\u0131ndaki Duyurusu bulunmaktad\u0131r ki bu hususa da k\u0131saca de\u011finmekte fayda vard\u0131r. Zira 2010&nbsp; y\u0131l\u0131&nbsp; Sa\u011fl\u0131k&nbsp; Uygulama&nbsp; Tebli\u011fi\u2019nin&nbsp; 4.5.4.K.1&nbsp; \u201c\u0130nvitro Fertilizasyon (IVF)\u201d&nbsp; ba\u015fl\u0131kl\u0131 maddesinin&nbsp; 4. f\u0131kras\u0131nda&nbsp; yer&nbsp; alan&nbsp; \u201cIVF bedellerinin&nbsp; \u00f6denebilmesi&nbsp; i\u00e7in&nbsp; IVF&nbsp; uygulanacak&nbsp; kad\u0131nda gebeli\u011fin s\u00fcrd\u00fcr\u00fclmesine engel olabilecek sistemik hastal\u0131k bulunmad\u0131\u011f\u0131n\u0131n sa\u011fl\u0131k kurulu raporu ile belgelenmesi gerekmektedir\u201d&nbsp; h\u00fckm\u00fcnde bahsedilen&nbsp; \u201csa\u011fl\u0131k&nbsp; kurulu&nbsp; raporu\u201d,&nbsp; 4.5.4.K.1.1- \u201cSa\u011fl\u0131k&nbsp; Kurulu&nbsp; Raporu\u201d&nbsp; ba\u015fl\u0131kl\u0131&nbsp; maddede&nbsp; yer&nbsp; alan,&nbsp; b\u00fcnyesinde&nbsp; kad\u0131n&nbsp; hastal\u0131klar\u0131 ve&nbsp; do\u011fum klini\u011fi ile \u00fcroloji klini\u011fi b\u00fcnyesinde \u00fcroloji klini\u011fi bulunmayan ancak \u00fcroloji uzman hekiminin kons\u00fcltan&nbsp; olarak&nbsp; g\u00f6rev&nbsp; yapt\u0131\u011f\u0131,&nbsp; e\u011fitim&nbsp; verilen&nbsp; kad\u0131n-do\u011fum&nbsp; hastaneleri&nbsp; d\u00e2hil)&nbsp; bulunan&nbsp; \u00fc\u00e7\u00fcnc\u00fc basamak sa\u011fl\u0131k kurumlar\u0131nda iki kad\u0131n hastal\u0131klar\u0131 ve do\u011fum uzman hekimi ve bir \u00fcroloji uzman hekiminin kat\u0131l\u0131m\u0131 ile olu\u015fturulan sa\u011fl\u0131k kurullar\u0131 taraf\u0131ndan d\u00fczenlenen IVF tedavisi i\u00e7in gerekli sa\u011fl\u0131k kurulu raporudur.&nbsp; S\u00f6z konusu sa\u011fl\u0131k kurulu raporu d\u0131\u015f\u0131nda ayr\u0131ca bir raporun d\u00fczenlenmesine gerek olmay\u0131p, kad\u0131nda gebeli\u011fin s\u00fcrd\u00fcr\u00fclmesine engel olabilecek sistemik hastal\u0131k bulunmad\u0131\u011f\u0131n\u0131n bu raporda belirtilmesi yeterlidir.<\/p>\n<p style=\"padding-left: 40px;\">Yasal mevzuat bu \u00e7er\u00e7evede d\u00fczenlenmi\u015fken t\u00fcp bebek olgusunun halihaz\u0131rda hukuki arenada reel olarak nas\u0131l kar\u015f\u0131land\u0131\u011f\u0131na da bakmak gerekir. Bu hususta Yarg\u0131tay 2. Hukuk Dairesinin kararlar\u0131 dikkat \u00e7ekicidir.<\/p>\n<p style=\"padding-left: 40px;\">Yarg\u0131tay 2. Hukuk Dairesi bir karar\u0131nda t\u00fcp bebek tedavisinden ka\u00e7\u0131nmay\u0131 bo\u015fanma nedeni saym\u0131\u015ft\u0131r. T\u00fcp bebek tedavisini talep eden e\u015fe di\u011fer e\u015fin muvafakat g\u00f6stermemesini, e\u015fler aras\u0131nda ortak hayat\u0131 temelinden sarsacak derecede ve birli\u011fin devam\u0131na imkan vermeyecek nitelikte bir ge\u00e7imsizlik sebebi saym\u0131\u015ft\u0131r.<\/p>\n<p style=\"padding-left: 40px;\">Yine bir ba\u015fka karar\u0131nda t\u00fcp bebek y\u00f6ntemiyle \u00e7ocuk sahibi olmak isteyen e\u015fin iste\u011fine uymayan kocan\u0131n haks\u0131z oldu\u011funa dair karar\u0131 da mevcuttur. S\u00f6z konusu karar\u0131n gerek\u00e7esinde de kocan\u0131n t\u00fcp bebek tedavisinden ka\u00e7\u0131nd\u0131\u011f\u0131 ve birlik g\u00f6revlerini yerine getirmedi\u011finin anla\u015f\u0131ld\u0131\u011f\u0131, bu halde, taraflar aras\u0131nda ortak hayat\u0131 temelinden sarsacak derecede ve birli\u011fin devam\u0131na imkan vermeyecek nitelikte bir ge\u00e7imsizli\u011fin mevcut ve sabit oldu\u011fu gerek\u00e7esine dayand\u0131rm\u0131\u015ft\u0131r. Yarg\u0131tay\u2019\u0131n bu y\u00f6ndeki kararlar\u0131na bak\u0131lacak olursa \u00e7a\u011fa uygun ve yerinde kararlar verilmi\u015f olmakla, temel insan haklar\u0131ndan olan \u00fcreme ve teknolojik geli\u015fmelerden istifadeyi hakl\u0131 ve yerinde g\u00f6rd\u00fc\u011f\u00fcne \u015fahit olabiliriz.<\/p>\n<p style=\"padding-left: 40px;\">\n<\/p><p style=\"padding-left: 40px;\">Devlet taraf\u0131ndan \u00e7iftlere bu t\u00fcr yard\u0131mlar\u0131n sa\u011flanmas\u0131n\u0131n amac\u0131 ise; medeni, uygar ve \u00e7a\u011fda\u015f toplum olman\u0131n gereklerine dayand\u0131r\u0131lmaktad\u0131r. Bir \u00fclkede Aile Hukuku \u00f6zel ve ayr\u0131nt\u0131l\u0131 olarak d\u00fczenlendi\u011fi vakit devletin, ki\u015filerin aile yap\u0131lar\u0131n\u0131 koruyabilmesi i\u00e7in y\u00fck\u00fcml\u00fcl\u00fcklerini ortaya \u00e7\u0131karmas\u0131 ve bu \u00e7\u0131kar\u0131mlar neticesinde \u00fczerine d\u00fc\u015feni yerine getirmesi ka\u00e7\u0131n\u0131lmaz olacakt\u0131r. SGK taraf\u0131ndan b\u00f6yle bir yard\u0131m\u0131n yap\u0131l\u0131yor olmas\u0131 da devletin bu konuda \u00fczerine d\u00fc\u015fen y\u00fck\u00fcml\u00fcl\u00fc\u011f\u00fc yerine getirmek istemesinden kaynaklanmaktad\u0131r ki bunda da ne derece ba\u015far\u0131l\u0131 olundu\u011funu \u015f\u00fcphesiz zaman g\u00f6sterecektir. Normal yollarla \u00e7ocuk sahibi olamayan \u00e7iftlerin maddi gerek\u00e7elerle anne ve baba olma hakk\u0131ndan yoksun kalmas\u0131 veya b\u0131rak\u0131lmas\u0131, medeni, \u00e7a\u011fda\u015f ve demokratik bir toplum yap\u0131s\u0131yla ba\u011fda\u015fmad\u0131\u011f\u0131ndan devletin bu t\u00fcr konularda bireylere yard\u0131mc\u0131 olmas\u0131 bu anlamda mutlak gereklilik arz etmektedir.&nbsp; Bu nedenle devletin vatanda\u015fa kar\u015f\u0131 olan \u00f6devlerini yerine getirmede atm\u0131\u015f oldu\u011fu bu ve benzeri ad\u0131mlar\u0131n, devlet i\u00e7in k\u00fc\u00e7\u00fck, fakat bireyler i\u00e7in son derece b\u00fcy\u00fck ad\u0131mlar oldu\u011fu unutulmamal\u0131d\u0131r.<\/p>\n<p style=\"padding-left: 40px;\">\n<\/p><p style=\"padding-left: 40px;\">Sayg\u0131lar\u0131mla<\/p>\n<h6 style=\"padding-left: 40px;\">Av. Bedrettin YILMAZ<\/h6>\n<p style=\"padding-left: 40px;\">\n<\/p><p style=\"padding-left: 40px;\"><b>\u00c7ocuk sahibi olma hakk\u0131 Anayasa\u2019n\u0131n 20. ve Avrupa \u0130nsan Haklar\u0131 S\u00f6zle\u015fmesi\u2019nin 8. Maddesinde yer alan \u00f6zel hayata ve aile hayat\u0131na sayg\u0131 hakk\u0131 kapsam\u0131ndad\u0131r. Nitekim Avrupa \u0130nsan Haklar\u0131 Mahkemesi de bir \u00e7iftin \u00e7ocuk sahibi olma hakk\u0131n\u0131n ve bu hakk\u0131 kullanabilmek ad\u0131na \u00e7ocuk yapmaya yard\u0131mc\u0131 olacak tekniklere ba\u015fvurulmas\u0131n\u0131n \u00f6zel hayata ve aile hayat\u0131na sayg\u0131 hakk\u0131 kapsam\u0131 i\u00e7inde oldu\u011fu sonucuna varm\u0131\u015ft\u0131r (Bkz.&nbsp;<em>Dickson\/Birle\u015fik Krall\u0131k<\/em>, B. No: 44362\/04, 4\/12\/2007;&nbsp;<em>S.H. vd.\/Avusturya<\/em>, B. No: 57813\/00, 3\/11\/2011).<\/b><\/p>\n<h6 style=\"padding-left: 40px;\"><em>\u0130DDK., E.2011\/1186, K.2013\/2027, T. 22.05.2013 say\u0131l\u0131 Dan\u0131\u015ftay karar\u0131n\u0131n Kar\u015f\u0131oy yaz\u0131s\u0131;<\/em><\/h6>\n<p style=\"padding-left: 40px;\">X- Anayasa&#8217;n\u0131n 5. maddesinde Devlete &#8220;\u0130nsan\u0131n maddi ve manevi varl\u0131\u011f\u0131n\u0131n geli\u015fmesi i\u00e7in gerekli \u015fartlar\u0131 haz\u0131rlamaya \u00e7al\u0131\u015fmak&#8221; g\u00f6revi verilmi\u015f; Ailenin Korunmas\u0131 ve \u00c7ocuk Haklar\u0131 ba\u015fl\u0131kl\u0131 41. maddesinde ise &#8220;Aile, T\u00fcrk toplumunun temelidir&#8221; denilerek, &#8220;Devletin, ailenin huzur ve refah\u0131 ile \u00f6zellikle anan\u0131n ve \u00e7ocuklar\u0131n korunmas\u0131&#8221; g\u00f6revine a\u00e7\u0131k\u00e7a i\u015faret edilmi\u015ftir.<\/p>\n<p style=\"padding-left: 40px;\">Bu ba\u011flamda \u00f6zellikle \u00e7ocu\u011fu olmayan ailelerin de\u011fi\u015fik t\u0131bbi y\u00f6ntemlerle \u00e7ocuk sahibi olabilmeleri en temel insan haklar\u0131ndan biri olarak kabul edilmelidir.<\/p>\n<p style=\"padding-left: 40px;\">Davaya konu d\u00fczenlemede idare, 40 ya\u015f ve \u00fcst\u00fcnde olup hi\u00e7 \u00e7ocuk sahibi olamam\u0131\u015f kad\u0131nlar\u0131n&nbsp;t\u00fcp bebek&nbsp;harcamalar\u0131n\u0131n sosyal g\u00fcvenlik kapsam\u0131nda kar\u015f\u0131lamay\u0131 ba\u015ftan ve b\u00fct\u00fcn\u00fcyle reddetmek suretiyle, \u00e7ocuk sahibi olmayan kad\u0131nlar\u0131n bu olanaktan yararlanabilmesini b\u00fcy\u00fck \u00f6l\u00e7\u00fcde k\u0131s\u0131tlam\u0131\u015f olmakta ve ayr\u0131ca, \u00e7ocuk sahibi olabilme imkan\u0131 y\u00f6n\u00fcnden kad\u0131nlar aras\u0131nda ya\u015flar\u0131na g\u00f6re ay\u0131r\u0131mc\u0131l\u0131k yapm\u0131\u015f olmaktad\u0131r.<\/p>\n<p style=\"padding-left: 40px;\">\u00d6te yandan idare, getirdi\u011fi bu k\u0131s\u0131tlamaya gerek\u00e7e olarak, 39 ya\u015f \u00fcst\u00fc kad\u0131nlar\u0131n&nbsp;t\u00fcp bebek&nbsp; sahibi olmak \u015fans\u0131n\u0131n %6, buna kar\u015f\u0131n 39 ya\u015f\u0131ndaki kad\u0131nlar\u0131n %10 olmas\u0131na ve 39 ya\u015f \u00fcst\u00fcnde bu y\u00f6ntemin ba\u015far\u0131ya ula\u015fma \u015fans\u0131n\u0131n d\u00fc\u015f\u00fckl\u00fc\u011f\u00fcn\u00fc g\u00f6stermektedir. Oysa bu derece temel ve \u00f6nemli bir insan hakk\u0131 bu tarz bir istatistiki bilgiye dayanarak k\u0131s\u0131tlanamayaca\u011f\u0131 gibi;&nbsp;t\u00fcp bebek&nbsp; uygulamas\u0131 i\u00e7in zaten en fazla 3 deneme gibi bir s\u0131n\u0131r \u00f6ng\u00f6r\u00fclm\u00fc\u015f oldu\u011fu i\u00e7in, 39 ya\u015f\u0131n \u00fcst\u00fcndekiler i\u00e7in bu y\u00f6ntemin kabul edilmesinde kamu kaynaklar\u0131 y\u00f6n\u00fcnden ola\u011fan\u00fcst\u00fc bir y\u00fckten bahsedilemeyecektir. Kald\u0131 ki 39 ya\u015f \u00fcst\u00fc i\u00e7in %6&#8217;l\u0131k bir \u015fans \u00e7ok k\u00fc\u00e7\u00fcmsenecek bir \u015fans olmayabilecektir.<\/p>\n<p style=\"padding-left: 40px;\">Yukar\u0131da gerek\u00e7elerle, davaya konu d\u00fczenlemenin 40 ya\u015f s\u0131n\u0131r\u0131na ili\u015fkin h\u00fck\u00fcmlerinin hukuka ayk\u0131r\u0131 oldu\u011fu ve temyize konu Daire karar\u0131n\u0131n bu y\u00f6n\u00fcyle bozulmas\u0131 gerekti\u011fi d\u00fc\u015f\u00fcncesiyle \u00e7o\u011funluk karar\u0131na kat\u0131lam\u0131yoruz.<\/p>\n<p style=\"padding-left: 40px;\">(\u2026) Davac\u0131 kad\u0131n\u0131n temyizinin incelenmesine gelince; Yap\u0131lan soru\u015fturma, toplanan delillerle daval\u0131 kocan\u0131n&nbsp;t\u00fcp bebek&nbsp;tedavisinden ka\u00e7\u0131nd\u0131\u011f\u0131 ve birlik g\u00f6revlerini yerine getirmedi\u011fi anla\u015f\u0131lmaktad\u0131r. Bu halde taraflar aras\u0131nda ortak hayat\u0131 temelinden sarsacak derecede ve birli\u011fin devam\u0131na imk\u00e2n vermeyecek nitelikte bir ge\u00e7imsizlik mevcut ve sabittir. Olaylar\u0131n ak\u0131\u015f\u0131 kar\u015f\u0131s\u0131nda davac\u0131 dava a\u00e7makta hakl\u0131d\u0131r. Bu \u015fartlar alt\u0131nda e\u015fleri birlikte ya\u015famaya zorlaman\u0131n art\u0131k kanunen m\u00fcmk\u00fcn g\u00f6r\u00fclmemesine g\u00f6re, bo\u015fanmaya (TMK.md. 166\/1)karar verilecek yerde, yetersiz gerek\u00e7e ile davan\u0131n reddi do\u011fru bulunmam\u0131\u015ft\u0131r. <strong><em>Yarg\u0131tay 2. Hukuk Dairesi, E. 2008\/272, K. 2008\/2443, T. 28.02.2008<\/em><\/strong><\/p>\n<p style=\"padding-left: 40px;\"><strong><em>&nbsp;<\/em><\/strong><\/p>\n<h6 style=\"padding-left: 40px;\"><u>Makaleler:<\/u><\/h6>\n<p style=\"padding-left: 40px;\"><strong>YAPAY DO\u0308LLENMENI\u0307N SOYBAG\u0306INA ETKI\u0307LERI\u0307: <\/strong><a href=\"https:\/\/dergipark.org.tr\/tr\/download\/article-file\/85293\">https:\/\/dergipark.org.tr\/tr\/download\/article-file\/85293<\/a><\/p>\n<p style=\"padding-left: 40px;\"><strong>HOMOLOG DO\u0308LLENME YOLUYLA ELDE EDI\u0307LEN TU\u0308PTEKI\u0307 EMBRI\u0307YONUN YASAL MI\u0307RASC\u0327ILIG\u0306I: <\/strong><a href=\"https:\/\/dergipark.org.tr\/tr\/download\/article-file\/333505\">https:\/\/dergipark.org.tr\/tr\/download\/article-file\/333505<\/a><\/p>\n<p style=\"padding-left: 40px;\">\n<\/p><p style=\"padding-left: 40px;\">\n<\/p><\/div>\n\t\t\t\t<\/div>\n\t\t\t\t<\/div>\n\t\t\t\t\t\t<\/div>\n\t\t\t\t\t<\/div>\n\t\t<\/div>\n\t\t\t\t\t\t\t\t<\/div>\n\t\t\t\t\t<\/div>\n\t\t<\/section>\n\t\t\t\t\t\t<\/div>\n\t\t\t\t\t\t<\/div>\n\t\t\t\t\t<\/div>\n\t\t","protected":false},"excerpt":{"rendered":"<p>T\u00dcP BEBEK VE T\u00dcP BEBEK TEDAV\u0130S\u0130N\u0130N HUKUKTAK\u0130 YER\u0130 \u0130nsano\u011flunun do\u011fal yap\u0131s\u0131nda bulunan \u00fcreme, kimi \u00e7iftlerde normal yollardan ger\u00e7ekle\u015firken baz\u0131lar\u0131nda ise maalesef bu m\u00fcmk\u00fcn olmayabiliyor. \u0130\u015fte bu noktada insano\u011flunun yard\u0131m\u0131na ve tedavisine, teknoloji ve bu teknolojiden m\u00fctevellit laboratuvar uygulamalar\u0131 ko\u015fmaktad\u0131r. Bu tedavi y\u00f6nteminde erkek ve di\u015fi \u00fcreme h\u00fccrelerinin laboratuvar ko\u015fullar\u0131nda bir araya getirilerek olu\u015fan embriyolar\u0131n gerekli [&hellip;]<\/p>\n","protected":false},"author":2,"featured_media":5590,"parent":0,"menu_order":0,"comment_status":"closed","ping_status":"closed","template":"","meta":{"footnotes":""},"class_list":["post-5684","page","type-page","status-publish","has-post-thumbnail","hentry"],"_links":{"self":[{"href":"https:\/\/elithukuk.com\/en\/wp-json\/wp\/v2\/pages\/5684"}],"collection":[{"href":"https:\/\/elithukuk.com\/en\/wp-json\/wp\/v2\/pages"}],"about":[{"href":"https:\/\/elithukuk.com\/en\/wp-json\/wp\/v2\/types\/page"}],"author":[{"embeddable":true,"href":"https:\/\/elithukuk.com\/en\/wp-json\/wp\/v2\/users\/2"}],"replies":[{"embeddable":true,"href":"https:\/\/elithukuk.com\/en\/wp-json\/wp\/v2\/comments?post=5684"}],"version-history":[{"count":66,"href":"https:\/\/elithukuk.com\/en\/wp-json\/wp\/v2\/pages\/5684\/revisions"}],"predecessor-version":[{"id":6022,"href":"https:\/\/elithukuk.com\/en\/wp-json\/wp\/v2\/pages\/5684\/revisions\/6022"}],"wp:featuredmedia":[{"embeddable":true,"href":"https:\/\/elithukuk.com\/en\/wp-json\/wp\/v2\/media\/5590"}],"wp:attachment":[{"href":"https:\/\/elithukuk.com\/en\/wp-json\/wp\/v2\/media?parent=5684"}],"curies":[{"name":"wp","href":"https:\/\/api.w.org\/{rel}","templated":true}]}}