{"id":5595,"date":"2021-01-09T19:03:25","date_gmt":"2021-01-09T16:03:25","guid":{"rendered":"https:\/\/elithukuk.com\/?page_id=5595"},"modified":"2021-01-09T19:10:00","modified_gmt":"2021-01-09T16:10:00","slug":"gayrimenkul-hukuku","status":"publish","type":"page","link":"https:\/\/elithukuk.com\/en\/gayrimenkul-hukuku\/","title":{"rendered":"Gayrimenkul Hukuku"},"content":{"rendered":"\t\t<div data-elementor-type=\"wp-page\" data-elementor-id=\"5595\" class=\"elementor elementor-5595\" data-elementor-settings=\"[]\">\n\t\t\t\t\t\t<div class=\"elementor-inner\">\n\t\t\t\t\t\t\t<div class=\"elementor-section-wrap\">\n\t\t\t\t\t\t\t<section class=\"elementor-section elementor-top-section elementor-element elementor-element-03fe83b elementor-section-boxed elementor-section-height-default elementor-section-height-default qodef-elementor-content-no\" data-id=\"03fe83b\" data-element_type=\"section\">\n\t\t\t\t\t\t<div class=\"elementor-container elementor-column-gap-default\">\n\t\t\t\t\t\t\t<div class=\"elementor-row\">\n\t\t\t\t\t<div class=\"elementor-column elementor-col-33 elementor-top-column elementor-element elementor-element-af7ff66\" data-id=\"af7ff66\" data-element_type=\"column\">\n\t\t\t<div class=\"elementor-column-wrap elementor-element-populated\">\n\t\t\t\t\t\t\t<div class=\"elementor-widget-wrap\">\n\t\t\t\t\t\t<div class=\"elementor-element elementor-element-e6c39cd elementor-widget elementor-widget-image\" data-id=\"e6c39cd\" data-element_type=\"widget\" data-widget_type=\"image.default\">\n\t\t\t\t<div class=\"elementor-widget-container\">\n\t\t\t\t\t<div class=\"elementor-image\">\n\t\t\t\t\t\t\t\t\t\t<img loading=\"lazy\" decoding=\"async\" width=\"350\" height=\"200\" src=\"https:\/\/elithukuk.com\/wp-content\/uploads\/2021\/01\/elit-hukuk-hizmetlerimiz-gayrimenkul-hukuku.jpg\" class=\"attachment-full size-full\" alt=\"\" srcset=\"https:\/\/elithukuk.com\/wp-content\/uploads\/2021\/01\/elit-hukuk-hizmetlerimiz-gayrimenkul-hukuku.jpg 350w, https:\/\/elithukuk.com\/wp-content\/uploads\/2021\/01\/elit-hukuk-hizmetlerimiz-gayrimenkul-hukuku-300x171.jpg 300w\" sizes=\"(max-width: 350px) 100vw, 350px\" \/>\t\t\t\t\t\t\t\t\t\t\t<\/div>\n\t\t\t\t<\/div>\n\t\t\t\t<\/div>\n\t\t\t\t\t\t<\/div>\n\t\t\t\t\t<\/div>\n\t\t<\/div>\n\t\t\t\t<div class=\"elementor-column elementor-col-66 elementor-top-column elementor-element elementor-element-9d0c62f\" data-id=\"9d0c62f\" data-element_type=\"column\">\n\t\t\t<div class=\"elementor-column-wrap elementor-element-populated\">\n\t\t\t\t\t\t\t<div class=\"elementor-widget-wrap\">\n\t\t\t\t\t\t<div class=\"elementor-element elementor-element-98db944 elementor-widget elementor-widget-heading\" data-id=\"98db944\" data-element_type=\"widget\" data-widget_type=\"heading.default\">\n\t\t\t\t<div class=\"elementor-widget-container\">\n\t\t\t<h4 class=\"elementor-heading-title elementor-size-default\">Gayrimenkul Hukuku<\/h4>\t\t<\/div>\n\t\t\t\t<\/div>\n\t\t\t\t<div class=\"elementor-element elementor-element-e68f5af elementor-widget elementor-widget-text-editor\" data-id=\"e68f5af\" data-element_type=\"widget\" data-widget_type=\"text-editor.default\">\n\t\t\t\t<div class=\"elementor-widget-container\">\n\t\t\t\t\t<div class=\"elementor-text-editor elementor-clearfix\"><strong>Elit Hukuk B\u00fcrosu olarak, yerli ve yabanc\u0131 yat\u0131r\u0131mc\u0131lar da dahil olmak \u00fczere m\u00fcvekkillerimize gayrimenkul mevzuat\u0131 ve i\u015flemlerine ili\u015fkin hukuki dan\u0131\u015fmanl\u0131k hizmeti sunmaktay\u0131z. B\u00fcromuz, her t\u00fcrl\u00fc ticari mesken ve end\u00fcstriyel projeler \u00e7er\u00e7evesinde arazi geli\u015ftirme, arsa pay\u0131 kar\u015f\u0131l\u0131\u011f\u0131 in\u015faat s\u00f6zle\u015fmeleri haz\u0131rlama, al\u0131\u015fveri\u015f merkezi in\u015fa ve devralma, yap\u0131land\u0131rma ile yeniden yap\u0131land\u0131rma, imar d\u00fczenlemeleri, in\u015faat ruhsat ve izinlerin al\u0131nmas\u0131, kiralama, sat\u0131\u015f ve geri kiralama i\u015flemleri gibi hususlarda yetkin olup, \u0130mar Kanunu, Kamula\u015ft\u0131rma Kanunu, Orman Kanunu, Kadastro Kanunu, Tapu Kanunu, 3091 say\u0131l\u0131 Ta\u015f\u0131nmaz Zilyetli\u011fine Yap\u0131lan Tecav\u00fczlerin \u00d6nlenmesi Kanunu, \u0130mar Aff\u0131 Kanunu, 775 say\u0131l\u0131 Gecekondu Kanunu, Belediye Kanunu, Belediye Gelirleri Kanunu, 2863 say\u0131l\u0131 K\u00fclt\u00fcr ve Tabiat Varl\u0131klar\u0131n\u0131 Koruma Kanunu ve kurul mevzuat\u0131, K\u0131y\u0131 Kanunu kapsam\u0131nda gayrimenkul ile ilgili her t\u00fcrl\u00fc hukuksal sorunda dan\u0131\u015fmanl\u0131k hizmeti vermektedir.<\/strong><\/div>\n\t\t\t\t<\/div>\n\t\t\t\t<\/div>\n\t\t\t\t\t\t<\/div>\n\t\t\t\t\t<\/div>\n\t\t<\/div>\n\t\t\t\t\t\t\t\t<\/div>\n\t\t\t\t\t<\/div>\n\t\t<\/section>\n\t\t\t\t\t\t<\/div>\n\t\t\t\t\t\t<\/div>\n\t\t\t\t\t<\/div>\n\t\t","protected":false},"excerpt":{"rendered":"<p>Gayrimenkul Hukuku Elit Hukuk B\u00fcrosu olarak, yerli ve yabanc\u0131 yat\u0131r\u0131mc\u0131lar da dahil olmak \u00fczere m\u00fcvekkillerimize gayrimenkul mevzuat\u0131 ve i\u015flemlerine ili\u015fkin hukuki dan\u0131\u015fmanl\u0131k hizmeti sunmaktay\u0131z. B\u00fcromuz, her t\u00fcrl\u00fc ticari mesken ve end\u00fcstriyel projeler \u00e7er\u00e7evesinde arazi geli\u015ftirme, arsa pay\u0131 kar\u015f\u0131l\u0131\u011f\u0131 in\u015faat s\u00f6zle\u015fmeleri haz\u0131rlama, al\u0131\u015fveri\u015f merkezi in\u015fa ve devralma, yap\u0131land\u0131rma ile yeniden yap\u0131land\u0131rma, imar d\u00fczenlemeleri, in\u015faat ruhsat ve [&hellip;]<\/p>\n","protected":false},"author":2,"featured_media":0,"parent":0,"menu_order":0,"comment_status":"closed","ping_status":"closed","template":"","meta":{"footnotes":""},"class_list":["post-5595","page","type-page","status-publish","hentry"],"_links":{"self":[{"href":"https:\/\/elithukuk.com\/en\/wp-json\/wp\/v2\/pages\/5595"}],"collection":[{"href":"https:\/\/elithukuk.com\/en\/wp-json\/wp\/v2\/pages"}],"about":[{"href":"https:\/\/elithukuk.com\/en\/wp-json\/wp\/v2\/types\/page"}],"author":[{"embeddable":true,"href":"https:\/\/elithukuk.com\/en\/wp-json\/wp\/v2\/users\/2"}],"replies":[{"embeddable":true,"href":"https:\/\/elithukuk.com\/en\/wp-json\/wp\/v2\/comments?post=5595"}],"version-history":[{"count":4,"href":"https:\/\/elithukuk.com\/en\/wp-json\/wp\/v2\/pages\/5595\/revisions"}],"predecessor-version":[{"id":5602,"href":"https:\/\/elithukuk.com\/en\/wp-json\/wp\/v2\/pages\/5595\/revisions\/5602"}],"wp:attachment":[{"href":"https:\/\/elithukuk.com\/en\/wp-json\/wp\/v2\/media?parent=5595"}],"curies":[{"name":"wp","href":"https:\/\/api.w.org\/{rel}","templated":true}]}}