{"id":5573,"date":"2021-01-09T18:30:57","date_gmt":"2021-01-09T15:30:57","guid":{"rendered":"https:\/\/elithukuk.com\/?page_id=5573"},"modified":"2021-01-09T18:55:24","modified_gmt":"2021-01-09T15:55:24","slug":"icra-ve-iflas-hukuku","status":"publish","type":"page","link":"https:\/\/elithukuk.com\/en\/icra-ve-iflas-hukuku\/","title":{"rendered":"\u0130cra ve \u0130flas Hukuku"},"content":{"rendered":"\t\t<div data-elementor-type=\"wp-page\" data-elementor-id=\"5573\" class=\"elementor elementor-5573\" data-elementor-settings=\"[]\">\n\t\t\t\t\t\t<div class=\"elementor-inner\">\n\t\t\t\t\t\t\t<div class=\"elementor-section-wrap\">\n\t\t\t\t\t\t\t<section class=\"elementor-section elementor-top-section elementor-element elementor-element-03fe83b elementor-section-boxed elementor-section-height-default elementor-section-height-default qodef-elementor-content-no\" data-id=\"03fe83b\" data-element_type=\"section\">\n\t\t\t\t\t\t<div class=\"elementor-container elementor-column-gap-default\">\n\t\t\t\t\t\t\t<div class=\"elementor-row\">\n\t\t\t\t\t<div class=\"elementor-column elementor-col-33 elementor-top-column elementor-element elementor-element-af7ff66\" data-id=\"af7ff66\" data-element_type=\"column\">\n\t\t\t<div class=\"elementor-column-wrap elementor-element-populated\">\n\t\t\t\t\t\t\t<div class=\"elementor-widget-wrap\">\n\t\t\t\t\t\t<div class=\"elementor-element elementor-element-e6c39cd elementor-widget elementor-widget-image\" data-id=\"e6c39cd\" data-element_type=\"widget\" data-widget_type=\"image.default\">\n\t\t\t\t<div class=\"elementor-widget-container\">\n\t\t\t\t\t<div class=\"elementor-image\">\n\t\t\t\t\t\t\t\t\t\t<img loading=\"lazy\" decoding=\"async\" width=\"350\" height=\"200\" src=\"https:\/\/elithukuk.com\/wp-content\/uploads\/2021\/01\/elit-hukuk-hizmetlerimiz-icra-ve-iflas-hukuku.jpg\" class=\"attachment-full size-full\" alt=\"\" srcset=\"https:\/\/elithukuk.com\/wp-content\/uploads\/2021\/01\/elit-hukuk-hizmetlerimiz-icra-ve-iflas-hukuku.jpg 350w, https:\/\/elithukuk.com\/wp-content\/uploads\/2021\/01\/elit-hukuk-hizmetlerimiz-icra-ve-iflas-hukuku-300x171.jpg 300w\" sizes=\"(max-width: 350px) 100vw, 350px\" \/>\t\t\t\t\t\t\t\t\t\t\t<\/div>\n\t\t\t\t<\/div>\n\t\t\t\t<\/div>\n\t\t\t\t\t\t<\/div>\n\t\t\t\t\t<\/div>\n\t\t<\/div>\n\t\t\t\t<div class=\"elementor-column elementor-col-66 elementor-top-column elementor-element elementor-element-9d0c62f\" data-id=\"9d0c62f\" data-element_type=\"column\">\n\t\t\t<div class=\"elementor-column-wrap elementor-element-populated\">\n\t\t\t\t\t\t\t<div class=\"elementor-widget-wrap\">\n\t\t\t\t\t\t<div class=\"elementor-element elementor-element-98db944 elementor-widget elementor-widget-heading\" data-id=\"98db944\" data-element_type=\"widget\" data-widget_type=\"heading.default\">\n\t\t\t\t<div class=\"elementor-widget-container\">\n\t\t\t<h4 class=\"elementor-heading-title elementor-size-default\">\u0130cra ve \u0130flas Hukuku<\/h4>\t\t<\/div>\n\t\t\t\t<\/div>\n\t\t\t\t<div class=\"elementor-element elementor-element-e68f5af elementor-widget elementor-widget-text-editor\" data-id=\"e68f5af\" data-element_type=\"widget\" data-widget_type=\"text-editor.default\">\n\t\t\t\t<div class=\"elementor-widget-container\">\n\t\t\t\t\t<div class=\"elementor-text-editor elementor-clearfix\"><strong>\u0130potek tesis i\u015flemlerinin takibi, s\u00f6zle\u015fmelerin d\u00fczenlenmesi ve s\u00f6zle\u015fme s\u00fcre\u00e7lerinin takibi ve finans, kredi ve leasing s\u00f6zle\u015fmelerinden do\u011fan ihtilaflar\u0131n \u00e7\u00f6z\u00fcm\u00fc ve yasal takibi; ger\u00e7ek ve t\u00fczel ki\u015filerin leh ve aleyhlerine y\u00fcr\u00fct\u00fclen yasal takip i\u015flemlerinde taraflar\u0131n menfaatlerinin korunmas\u0131, alacakl\u0131 ve bor\u00e7lu i\u00e7in anla\u015fma zeminin yarat\u0131lmas\u0131; ger\u00e7ek ve t\u00fczel ki\u015filerin iflas s\u00fcre\u00e7lerinin takibi, buna ba\u011fl\u0131 olarak iflas davas\u0131n\u0131n a\u00e7\u0131lmas\u0131 ve takibi, iflas\u0131n kapanmas\u0131na kadar ge\u00e7en s\u00fcrede t\u00fcm i\u015flemlerin yasal takibi; ekonomik durumu bozulan ger\u00e7ek ve t\u00fczel ki\u015filerin mali durumlar\u0131n\u0131n eski haline getirilmesi i\u00e7in konkordato ilan\u0131, alacakl\u0131lar ile g\u00f6r\u00fc\u015fme, tekliflerin haz\u0131rlanmas\u0131, sunulmas\u0131 ve kabul edilmesinin sa\u011flanmas\u0131, mali dengenin korunmas\u0131 i\u00e7in hukuki dan\u0131\u015fmanl\u0131k hizmeti verilmesi; ger\u00e7ek ve t\u00fczel ki\u015filerin icra ve iflas hukukundan kaynakl\u0131 ba\u011f\u0131ms\u0131z davalar\u0131n\u0131n takibi ve sonu\u00e7land\u0131r\u0131lmas\u0131, icra ve iflas hukukundan kaynakl\u0131 ceza davalar\u0131n\u0131n takibi ve sonu\u00e7land\u0131r\u0131lmas\u0131 ba\u015fta olmak \u00fczere icra ve iflas hukuku alan\u0131nda m\u00fcvekkillerin ihtiya\u00e7lar\u0131na y\u00f6nelik her t\u00fcrl\u00fc hukuki dan\u0131\u015fmanl\u0131k hizmeti vermekteyiz.<\/strong><\/div>\n\t\t\t\t<\/div>\n\t\t\t\t<\/div>\n\t\t\t\t\t\t<\/div>\n\t\t\t\t\t<\/div>\n\t\t<\/div>\n\t\t\t\t\t\t\t\t<\/div>\n\t\t\t\t\t<\/div>\n\t\t<\/section>\n\t\t\t\t\t\t<\/div>\n\t\t\t\t\t\t<\/div>\n\t\t\t\t\t<\/div>\n\t\t","protected":false},"excerpt":{"rendered":"<p>\u0130cra ve \u0130flas Hukuku \u0130potek tesis i\u015flemlerinin takibi, s\u00f6zle\u015fmelerin d\u00fczenlenmesi ve s\u00f6zle\u015fme s\u00fcre\u00e7lerinin takibi ve finans, kredi ve leasing s\u00f6zle\u015fmelerinden do\u011fan ihtilaflar\u0131n \u00e7\u00f6z\u00fcm\u00fc ve yasal takibi; ger\u00e7ek ve t\u00fczel ki\u015filerin leh ve aleyhlerine y\u00fcr\u00fct\u00fclen yasal takip i\u015flemlerinde taraflar\u0131n menfaatlerinin korunmas\u0131, alacakl\u0131 ve bor\u00e7lu i\u00e7in anla\u015fma zeminin yarat\u0131lmas\u0131; ger\u00e7ek ve t\u00fczel ki\u015filerin iflas s\u00fcre\u00e7lerinin takibi, buna [&hellip;]<\/p>\n","protected":false},"author":2,"featured_media":0,"parent":0,"menu_order":0,"comment_status":"closed","ping_status":"closed","template":"","meta":{"footnotes":""},"class_list":["post-5573","page","type-page","status-publish","hentry"],"_links":{"self":[{"href":"https:\/\/elithukuk.com\/en\/wp-json\/wp\/v2\/pages\/5573"}],"collection":[{"href":"https:\/\/elithukuk.com\/en\/wp-json\/wp\/v2\/pages"}],"about":[{"href":"https:\/\/elithukuk.com\/en\/wp-json\/wp\/v2\/types\/page"}],"author":[{"embeddable":true,"href":"https:\/\/elithukuk.com\/en\/wp-json\/wp\/v2\/users\/2"}],"replies":[{"embeddable":true,"href":"https:\/\/elithukuk.com\/en\/wp-json\/wp\/v2\/comments?post=5573"}],"version-history":[{"count":10,"href":"https:\/\/elithukuk.com\/en\/wp-json\/wp\/v2\/pages\/5573\/revisions"}],"predecessor-version":[{"id":5586,"href":"https:\/\/elithukuk.com\/en\/wp-json\/wp\/v2\/pages\/5573\/revisions\/5586"}],"wp:attachment":[{"href":"https:\/\/elithukuk.com\/en\/wp-json\/wp\/v2\/media?parent=5573"}],"curies":[{"name":"wp","href":"https:\/\/api.w.org\/{rel}","templated":true}]}}