{"id":5565,"date":"2021-01-09T17:48:16","date_gmt":"2021-01-09T14:48:16","guid":{"rendered":"https:\/\/elithukuk.com\/?page_id=5565"},"modified":"2021-01-09T18:30:39","modified_gmt":"2021-01-09T15:30:39","slug":"medeni-hukuk","status":"publish","type":"page","link":"https:\/\/elithukuk.com\/en\/medeni-hukuk\/","title":{"rendered":"Medeni Hukuk"},"content":{"rendered":"\t\t<div data-elementor-type=\"wp-page\" data-elementor-id=\"5565\" class=\"elementor elementor-5565\" data-elementor-settings=\"[]\">\n\t\t\t\t\t\t<div class=\"elementor-inner\">\n\t\t\t\t\t\t\t<div class=\"elementor-section-wrap\">\n\t\t\t\t\t\t\t<section class=\"elementor-section elementor-top-section elementor-element elementor-element-03fe83b elementor-section-boxed elementor-section-height-default elementor-section-height-default qodef-elementor-content-no\" data-id=\"03fe83b\" data-element_type=\"section\">\n\t\t\t\t\t\t<div class=\"elementor-container elementor-column-gap-default\">\n\t\t\t\t\t\t\t<div class=\"elementor-row\">\n\t\t\t\t\t<div class=\"elementor-column elementor-col-33 elementor-top-column elementor-element elementor-element-af7ff66\" data-id=\"af7ff66\" data-element_type=\"column\">\n\t\t\t<div class=\"elementor-column-wrap elementor-element-populated\">\n\t\t\t\t\t\t\t<div class=\"elementor-widget-wrap\">\n\t\t\t\t\t\t<div class=\"elementor-element elementor-element-e6c39cd elementor-widget elementor-widget-image\" data-id=\"e6c39cd\" data-element_type=\"widget\" data-widget_type=\"image.default\">\n\t\t\t\t<div class=\"elementor-widget-container\">\n\t\t\t\t\t<div class=\"elementor-image\">\n\t\t\t\t\t\t\t\t\t\t<img loading=\"lazy\" decoding=\"async\" width=\"800\" height=\"450\" src=\"https:\/\/elithukuk.com\/wp-content\/uploads\/2021\/01\/elit-hukuk-hizmetlerimiz-medeni-hukuk.jpg\" class=\"attachment-full size-full\" alt=\"\" srcset=\"https:\/\/elithukuk.com\/wp-content\/uploads\/2021\/01\/elit-hukuk-hizmetlerimiz-medeni-hukuk.jpg 800w, https:\/\/elithukuk.com\/wp-content\/uploads\/2021\/01\/elit-hukuk-hizmetlerimiz-medeni-hukuk-300x169.jpg 300w, https:\/\/elithukuk.com\/wp-content\/uploads\/2021\/01\/elit-hukuk-hizmetlerimiz-medeni-hukuk-768x432.jpg 768w\" sizes=\"(max-width: 800px) 100vw, 800px\" \/>\t\t\t\t\t\t\t\t\t\t\t<\/div>\n\t\t\t\t<\/div>\n\t\t\t\t<\/div>\n\t\t\t\t\t\t<\/div>\n\t\t\t\t\t<\/div>\n\t\t<\/div>\n\t\t\t\t<div class=\"elementor-column elementor-col-66 elementor-top-column elementor-element elementor-element-9d0c62f\" data-id=\"9d0c62f\" data-element_type=\"column\">\n\t\t\t<div class=\"elementor-column-wrap elementor-element-populated\">\n\t\t\t\t\t\t\t<div class=\"elementor-widget-wrap\">\n\t\t\t\t\t\t<div class=\"elementor-element elementor-element-98db944 elementor-widget elementor-widget-heading\" data-id=\"98db944\" data-element_type=\"widget\" data-widget_type=\"heading.default\">\n\t\t\t\t<div class=\"elementor-widget-container\">\n\t\t\t<h4 class=\"elementor-heading-title elementor-size-default\">Medeni Hukuk<\/h4>\t\t<\/div>\n\t\t\t\t<\/div>\n\t\t\t\t<div class=\"elementor-element elementor-element-e68f5af elementor-widget elementor-widget-text-editor\" data-id=\"e68f5af\" data-element_type=\"widget\" data-widget_type=\"text-editor.default\">\n\t\t\t\t<div class=\"elementor-widget-container\">\n\t\t\t\t\t<div class=\"elementor-text-editor elementor-clearfix\"><strong>Elit Hukuk B\u00fcrosu olarak, Aile Hukuku kapsam\u0131nda de\u011ferlendirilen; ni\u015fanlanma, evlenme, bo\u015fanma, mal rejimleri, evlat edinme, soyba\u011f\u0131, vesayet ve miras gibi aileye ili\u015fkin konularda hukuki temsil hizmetinin yan\u0131nda aile anayasalar\u0131n\u0131n haz\u0131rlanmas\u0131, mal rejimi s\u00f6zle\u015fmelerinin haz\u0131rlanmas\u0131, evlilik sonras\u0131 anla\u015fmal\u0131 ve \u00e7eki\u015fmeli bo\u015fanma davalar\u0131n\u0131n y\u00fcr\u00fct\u00fclmesi, vasiyet, miras s\u00f6zle\u015fmelerinin d\u00fczenlenmesi, miras\u0131n reddi, tasarrufun iptali ve miras uyu\u015fmazl\u0131klar\u0131n\u0131n \u00e7\u00f6z\u00fcm\u00fc gibi konularda m\u00fcvekkillerimize hukuki destek ve dan\u0131\u015fmanl\u0131k hizmeti sunmaktay\u0131z.<\/strong><\/div>\n\t\t\t\t<\/div>\n\t\t\t\t<\/div>\n\t\t\t\t\t\t<\/div>\n\t\t\t\t\t<\/div>\n\t\t<\/div>\n\t\t\t\t\t\t\t\t<\/div>\n\t\t\t\t\t<\/div>\n\t\t<\/section>\n\t\t\t\t\t\t<\/div>\n\t\t\t\t\t\t<\/div>\n\t\t\t\t\t<\/div>\n\t\t","protected":false},"excerpt":{"rendered":"<p>Medeni Hukuk Elit Hukuk B\u00fcrosu olarak, Aile Hukuku kapsam\u0131nda de\u011ferlendirilen; ni\u015fanlanma, evlenme, bo\u015fanma, mal rejimleri, evlat edinme, soyba\u011f\u0131, vesayet ve miras gibi aileye ili\u015fkin konularda hukuki temsil hizmetinin yan\u0131nda aile anayasalar\u0131n\u0131n haz\u0131rlanmas\u0131, mal rejimi s\u00f6zle\u015fmelerinin haz\u0131rlanmas\u0131, evlilik sonras\u0131 anla\u015fmal\u0131 ve \u00e7eki\u015fmeli bo\u015fanma davalar\u0131n\u0131n y\u00fcr\u00fct\u00fclmesi, vasiyet, miras s\u00f6zle\u015fmelerinin d\u00fczenlenmesi, miras\u0131n reddi, tasarrufun iptali ve miras uyu\u015fmazl\u0131klar\u0131n\u0131n [&hellip;]<\/p>\n","protected":false},"author":2,"featured_media":0,"parent":0,"menu_order":0,"comment_status":"closed","ping_status":"closed","template":"","meta":{"footnotes":""},"class_list":["post-5565","page","type-page","status-publish","hentry"],"_links":{"self":[{"href":"https:\/\/elithukuk.com\/en\/wp-json\/wp\/v2\/pages\/5565"}],"collection":[{"href":"https:\/\/elithukuk.com\/en\/wp-json\/wp\/v2\/pages"}],"about":[{"href":"https:\/\/elithukuk.com\/en\/wp-json\/wp\/v2\/types\/page"}],"author":[{"embeddable":true,"href":"https:\/\/elithukuk.com\/en\/wp-json\/wp\/v2\/users\/2"}],"replies":[{"embeddable":true,"href":"https:\/\/elithukuk.com\/en\/wp-json\/wp\/v2\/comments?post=5565"}],"version-history":[{"count":4,"href":"https:\/\/elithukuk.com\/en\/wp-json\/wp\/v2\/pages\/5565\/revisions"}],"predecessor-version":[{"id":5572,"href":"https:\/\/elithukuk.com\/en\/wp-json\/wp\/v2\/pages\/5565\/revisions\/5572"}],"wp:attachment":[{"href":"https:\/\/elithukuk.com\/en\/wp-json\/wp\/v2\/media?parent=5565"}],"curies":[{"name":"wp","href":"https:\/\/api.w.org\/{rel}","templated":true}]}}