{"id":5557,"date":"2021-01-09T17:43:12","date_gmt":"2021-01-09T14:43:12","guid":{"rendered":"https:\/\/elithukuk.com\/?page_id=5557"},"modified":"2021-01-09T17:47:22","modified_gmt":"2021-01-09T14:47:22","slug":"is-hukuku","status":"publish","type":"page","link":"https:\/\/elithukuk.com\/en\/is-hukuku\/","title":{"rendered":"\u0130\u015f Hukuku"},"content":{"rendered":"\t\t<div data-elementor-type=\"wp-page\" data-elementor-id=\"5557\" class=\"elementor elementor-5557\" data-elementor-settings=\"[]\">\n\t\t\t\t\t\t<div class=\"elementor-inner\">\n\t\t\t\t\t\t\t<div class=\"elementor-section-wrap\">\n\t\t\t\t\t\t\t<section class=\"elementor-section elementor-top-section elementor-element elementor-element-03fe83b elementor-section-boxed elementor-section-height-default elementor-section-height-default qodef-elementor-content-no\" data-id=\"03fe83b\" data-element_type=\"section\">\n\t\t\t\t\t\t<div class=\"elementor-container elementor-column-gap-default\">\n\t\t\t\t\t\t\t<div class=\"elementor-row\">\n\t\t\t\t\t<div class=\"elementor-column elementor-col-33 elementor-top-column elementor-element elementor-element-af7ff66\" data-id=\"af7ff66\" data-element_type=\"column\">\n\t\t\t<div class=\"elementor-column-wrap elementor-element-populated\">\n\t\t\t\t\t\t\t<div class=\"elementor-widget-wrap\">\n\t\t\t\t\t\t<div class=\"elementor-element elementor-element-e6c39cd elementor-widget elementor-widget-image\" data-id=\"e6c39cd\" data-element_type=\"widget\" data-widget_type=\"image.default\">\n\t\t\t\t<div class=\"elementor-widget-container\">\n\t\t\t\t\t<div class=\"elementor-image\">\n\t\t\t\t\t\t\t\t\t\t<img loading=\"lazy\" decoding=\"async\" width=\"350\" height=\"200\" src=\"https:\/\/elithukuk.com\/wp-content\/uploads\/2021\/01\/elit-hukuk-hizmetlerimiz-is-hukuku.jpg\" class=\"attachment-full size-full\" alt=\"\" srcset=\"https:\/\/elithukuk.com\/wp-content\/uploads\/2021\/01\/elit-hukuk-hizmetlerimiz-is-hukuku.jpg 350w, https:\/\/elithukuk.com\/wp-content\/uploads\/2021\/01\/elit-hukuk-hizmetlerimiz-is-hukuku-300x171.jpg 300w\" sizes=\"(max-width: 350px) 100vw, 350px\" \/>\t\t\t\t\t\t\t\t\t\t\t<\/div>\n\t\t\t\t<\/div>\n\t\t\t\t<\/div>\n\t\t\t\t\t\t<\/div>\n\t\t\t\t\t<\/div>\n\t\t<\/div>\n\t\t\t\t<div class=\"elementor-column elementor-col-66 elementor-top-column elementor-element elementor-element-9d0c62f\" data-id=\"9d0c62f\" data-element_type=\"column\">\n\t\t\t<div class=\"elementor-column-wrap elementor-element-populated\">\n\t\t\t\t\t\t\t<div class=\"elementor-widget-wrap\">\n\t\t\t\t\t\t<div class=\"elementor-element elementor-element-98db944 elementor-widget elementor-widget-heading\" data-id=\"98db944\" data-element_type=\"widget\" data-widget_type=\"heading.default\">\n\t\t\t\t<div class=\"elementor-widget-container\">\n\t\t\t<h4 class=\"elementor-heading-title elementor-size-default\">\u0130\u015f Hukuku<\/h4>\t\t<\/div>\n\t\t\t\t<\/div>\n\t\t\t\t<div class=\"elementor-element elementor-element-e68f5af elementor-widget elementor-widget-text-editor\" data-id=\"e68f5af\" data-element_type=\"widget\" data-widget_type=\"text-editor.default\">\n\t\t\t\t<div class=\"elementor-widget-container\">\n\t\t\t\t\t<div class=\"elementor-text-editor elementor-clearfix\"><p><strong>B\u00fcromuz, i\u015f\u00e7i-i\u015fveren ili\u015fkisi kapsam\u0131nda do\u011fabilecek hukuki uyu\u015fmazl\u0131klarla ilgili dan\u0131\u015fmanl\u0131k verilmesi, 4857 Say\u0131l\u0131 \u0130\u015f Kanunu ve 5953 Say\u0131l\u0131 Bas\u0131n Mesle\u011finde \u00c7al\u0131\u015fanlarla \u00c7al\u0131\u015ft\u0131ranlar Aras\u0131ndaki M\u00fcnasebetlerin Tanzimi Hakk\u0131nda Kanun ba\u015fta olmak \u00fczere i\u015f\u00e7i-i\u015fveren ili\u015fkisini d\u00fczenleyen her t\u00fcrl\u00fc kanunda \u00f6ng\u00f6r\u00fclen i\u015f s\u00f6zle\u015fmelerinin haz\u0131rlanmas\u0131, bu s\u00f6zle\u015fme t\u00fcrleri ile ilgili kar\u015f\u0131la\u015f\u0131lan sorunlar\u0131n \u00e7\u00f6z\u00fcmlenmesi; fesih ve disiplin s\u00fcre\u00e7leri ba\u015fta olmak \u00fczere i\u015f s\u00f6zle\u015fmesinin devam\u0131, sona ermesi ve sona ermesini takip eden s\u00fcre\u00e7lerde kanun, \u00f6\u011freti ve Yarg\u0131tay kararlar\u0131 \u0131\u015f\u0131\u011f\u0131nda m\u00fcvekkil \u015firketlerin \u0130nsan Kaynaklar\u0131 birimlerine destek ve dan\u0131\u015fmanl\u0131k verilmesi, dava ve arabuluculuk a\u015famalar\u0131n\u0131n takibi ve sonu\u00e7land\u0131r\u0131lmas\u0131; disiplin prosed\u00fcrleri ve i\u015f yeri y\u00f6netmelikleri gibi her t\u00fcrl\u00fc politika, prosed\u00fcr ve talimat\u0131n olu\u015fturulmas\u0131 ve revizyonu; 5510 say\u0131l\u0131 Sosyal Sigortalar ve Genel Sa\u011fl\u0131k Sigortas\u0131 Kanunu&#8217;ndan do\u011fan uyu\u015fmazl\u0131klar ile ilgili olarak a\u00e7\u0131lan davalar\u0131n takibi ve yine i\u015f\u00e7i &#8211; i\u015fveren aras\u0131nda \u00e7\u0131kan uyu\u015fmazl\u0131klar\u0131n \u00e7\u00f6z\u00fcm\u00fcnde hukuki dan\u0131\u015fmanl\u0131k ve avukatl\u0131k hizmeti sunmaktay\u0131z.<\/strong><\/p><\/div>\n\t\t\t\t<\/div>\n\t\t\t\t<\/div>\n\t\t\t\t\t\t<\/div>\n\t\t\t\t\t<\/div>\n\t\t<\/div>\n\t\t\t\t\t\t\t\t<\/div>\n\t\t\t\t\t<\/div>\n\t\t<\/section>\n\t\t\t\t\t\t<\/div>\n\t\t\t\t\t\t<\/div>\n\t\t\t\t\t<\/div>\n\t\t","protected":false},"excerpt":{"rendered":"<p>\u0130\u015f Hukuku B\u00fcromuz, i\u015f\u00e7i-i\u015fveren ili\u015fkisi kapsam\u0131nda do\u011fabilecek hukuki uyu\u015fmazl\u0131klarla ilgili dan\u0131\u015fmanl\u0131k verilmesi, 4857 Say\u0131l\u0131 \u0130\u015f Kanunu ve 5953 Say\u0131l\u0131 Bas\u0131n Mesle\u011finde \u00c7al\u0131\u015fanlarla \u00c7al\u0131\u015ft\u0131ranlar Aras\u0131ndaki M\u00fcnasebetlerin Tanzimi Hakk\u0131nda Kanun ba\u015fta olmak \u00fczere i\u015f\u00e7i-i\u015fveren ili\u015fkisini d\u00fczenleyen her t\u00fcrl\u00fc kanunda \u00f6ng\u00f6r\u00fclen i\u015f s\u00f6zle\u015fmelerinin haz\u0131rlanmas\u0131, bu s\u00f6zle\u015fme t\u00fcrleri ile ilgili kar\u015f\u0131la\u015f\u0131lan sorunlar\u0131n \u00e7\u00f6z\u00fcmlenmesi; fesih ve disiplin s\u00fcre\u00e7leri ba\u015fta olmak [&hellip;]<\/p>\n","protected":false},"author":2,"featured_media":0,"parent":0,"menu_order":0,"comment_status":"closed","ping_status":"closed","template":"","meta":{"footnotes":""},"class_list":["post-5557","page","type-page","status-publish","hentry"],"_links":{"self":[{"href":"https:\/\/elithukuk.com\/en\/wp-json\/wp\/v2\/pages\/5557"}],"collection":[{"href":"https:\/\/elithukuk.com\/en\/wp-json\/wp\/v2\/pages"}],"about":[{"href":"https:\/\/elithukuk.com\/en\/wp-json\/wp\/v2\/types\/page"}],"author":[{"embeddable":true,"href":"https:\/\/elithukuk.com\/en\/wp-json\/wp\/v2\/users\/2"}],"replies":[{"embeddable":true,"href":"https:\/\/elithukuk.com\/en\/wp-json\/wp\/v2\/comments?post=5557"}],"version-history":[{"count":4,"href":"https:\/\/elithukuk.com\/en\/wp-json\/wp\/v2\/pages\/5557\/revisions"}],"predecessor-version":[{"id":5564,"href":"https:\/\/elithukuk.com\/en\/wp-json\/wp\/v2\/pages\/5557\/revisions\/5564"}],"wp:attachment":[{"href":"https:\/\/elithukuk.com\/en\/wp-json\/wp\/v2\/media?parent=5557"}],"curies":[{"name":"wp","href":"https:\/\/api.w.org\/{rel}","templated":true}]}}