{"id":5541,"date":"2021-01-09T17:29:20","date_gmt":"2021-01-09T14:29:20","guid":{"rendered":"https:\/\/elithukuk.com\/?page_id=5541"},"modified":"2021-01-09T17:35:08","modified_gmt":"2021-01-09T14:35:08","slug":"idare-hukuku","status":"publish","type":"page","link":"https:\/\/elithukuk.com\/en\/idare-hukuku\/","title":{"rendered":"\u0130dare Hukuku"},"content":{"rendered":"\t\t<div data-elementor-type=\"wp-page\" data-elementor-id=\"5541\" class=\"elementor elementor-5541\" data-elementor-settings=\"[]\">\n\t\t\t\t\t\t<div class=\"elementor-inner\">\n\t\t\t\t\t\t\t<div class=\"elementor-section-wrap\">\n\t\t\t\t\t\t\t<section class=\"elementor-section elementor-top-section elementor-element elementor-element-03fe83b elementor-section-boxed elementor-section-height-default elementor-section-height-default qodef-elementor-content-no\" data-id=\"03fe83b\" data-element_type=\"section\">\n\t\t\t\t\t\t<div class=\"elementor-container elementor-column-gap-default\">\n\t\t\t\t\t\t\t<div class=\"elementor-row\">\n\t\t\t\t\t<div class=\"elementor-column elementor-col-33 elementor-top-column elementor-element elementor-element-af7ff66\" data-id=\"af7ff66\" data-element_type=\"column\">\n\t\t\t<div class=\"elementor-column-wrap elementor-element-populated\">\n\t\t\t\t\t\t\t<div class=\"elementor-widget-wrap\">\n\t\t\t\t\t\t<div class=\"elementor-element elementor-element-e6c39cd elementor-widget elementor-widget-image\" data-id=\"e6c39cd\" data-element_type=\"widget\" data-widget_type=\"image.default\">\n\t\t\t\t<div class=\"elementor-widget-container\">\n\t\t\t\t\t<div class=\"elementor-image\">\n\t\t\t\t\t\t\t\t\t\t<img loading=\"lazy\" decoding=\"async\" width=\"350\" height=\"200\" src=\"https:\/\/elithukuk.com\/wp-content\/uploads\/2021\/01\/elit-hukuk-hizmetlerimiz-idare-hukuku.jpg\" class=\"attachment-full size-full\" alt=\"\" srcset=\"https:\/\/elithukuk.com\/wp-content\/uploads\/2021\/01\/elit-hukuk-hizmetlerimiz-idare-hukuku.jpg 350w, https:\/\/elithukuk.com\/wp-content\/uploads\/2021\/01\/elit-hukuk-hizmetlerimiz-idare-hukuku-300x171.jpg 300w\" sizes=\"(max-width: 350px) 100vw, 350px\" \/>\t\t\t\t\t\t\t\t\t\t\t<\/div>\n\t\t\t\t<\/div>\n\t\t\t\t<\/div>\n\t\t\t\t\t\t<\/div>\n\t\t\t\t\t<\/div>\n\t\t<\/div>\n\t\t\t\t<div class=\"elementor-column elementor-col-66 elementor-top-column elementor-element elementor-element-9d0c62f\" data-id=\"9d0c62f\" data-element_type=\"column\">\n\t\t\t<div class=\"elementor-column-wrap elementor-element-populated\">\n\t\t\t\t\t\t\t<div class=\"elementor-widget-wrap\">\n\t\t\t\t\t\t<div class=\"elementor-element elementor-element-98db944 elementor-widget elementor-widget-heading\" data-id=\"98db944\" data-element_type=\"widget\" data-widget_type=\"heading.default\">\n\t\t\t\t<div class=\"elementor-widget-container\">\n\t\t\t<h4 class=\"elementor-heading-title elementor-size-default\">\u0130dare Hukuku<\/h4>\t\t<\/div>\n\t\t\t\t<\/div>\n\t\t\t\t<div class=\"elementor-element elementor-element-e68f5af elementor-widget elementor-widget-text-editor\" data-id=\"e68f5af\" data-element_type=\"widget\" data-widget_type=\"text-editor.default\">\n\t\t\t\t<div class=\"elementor-widget-container\">\n\t\t\t\t\t<div class=\"elementor-text-editor elementor-clearfix\"><strong>M\u00fcvekkillerimiz ile idare aras\u0131nda \u00e7\u0131kan uyu\u015fmazl\u0131klar\u0131n \u00e7\u00f6z\u00fcm\u00fcnde etkin rol \u00fcstlenerek, idarenin hukuka ayk\u0131r\u0131 idari i\u015flem ve eylemlerine kar\u015f\u0131 yasal s\u00fcre\u00e7lerin takibinde m\u00fcvekkillerimize hukuki dan\u0131\u015fmanl\u0131k hizmeti vermekteyiz. \u0130ptal ve tam yarg\u0131 davalar\u0131 ba\u015fta olmak \u00fczere t\u00fcm idari hukuksal s\u00fcre\u00e7lerin y\u00fcr\u00fct\u00fclmesi i\u00e7in uzman kadromuzla birlikte dan\u0131\u015fmanlar\u0131m\u0131z\u0131n y\u00f6nlendirmesiyle birlikte bir b\u00fct\u00fcn halde etkin \u00e7\u00f6z\u00fcmler \u00fcretmekteyiz. <\/strong><\/div>\n\t\t\t\t<\/div>\n\t\t\t\t<\/div>\n\t\t\t\t\t\t<\/div>\n\t\t\t\t\t<\/div>\n\t\t<\/div>\n\t\t\t\t\t\t\t\t<\/div>\n\t\t\t\t\t<\/div>\n\t\t<\/section>\n\t\t\t\t\t\t<\/div>\n\t\t\t\t\t\t<\/div>\n\t\t\t\t\t<\/div>\n\t\t","protected":false},"excerpt":{"rendered":"<p>\u0130dare Hukuku M\u00fcvekkillerimiz ile idare aras\u0131nda \u00e7\u0131kan uyu\u015fmazl\u0131klar\u0131n \u00e7\u00f6z\u00fcm\u00fcnde etkin rol \u00fcstlenerek, idarenin hukuka ayk\u0131r\u0131 idari i\u015flem ve eylemlerine kar\u015f\u0131 yasal s\u00fcre\u00e7lerin takibinde m\u00fcvekkillerimize hukuki dan\u0131\u015fmanl\u0131k hizmeti vermekteyiz. \u0130ptal ve tam yarg\u0131 davalar\u0131 ba\u015fta olmak \u00fczere t\u00fcm idari hukuksal s\u00fcre\u00e7lerin y\u00fcr\u00fct\u00fclmesi i\u00e7in uzman kadromuzla birlikte dan\u0131\u015fmanlar\u0131m\u0131z\u0131n y\u00f6nlendirmesiyle birlikte bir b\u00fct\u00fcn halde etkin \u00e7\u00f6z\u00fcmler \u00fcretmekteyiz.<\/p>\n","protected":false},"author":2,"featured_media":0,"parent":0,"menu_order":0,"comment_status":"closed","ping_status":"closed","template":"","meta":{"footnotes":""},"class_list":["post-5541","page","type-page","status-publish","hentry"],"_links":{"self":[{"href":"https:\/\/elithukuk.com\/en\/wp-json\/wp\/v2\/pages\/5541"}],"collection":[{"href":"https:\/\/elithukuk.com\/en\/wp-json\/wp\/v2\/pages"}],"about":[{"href":"https:\/\/elithukuk.com\/en\/wp-json\/wp\/v2\/types\/page"}],"author":[{"embeddable":true,"href":"https:\/\/elithukuk.com\/en\/wp-json\/wp\/v2\/users\/2"}],"replies":[{"embeddable":true,"href":"https:\/\/elithukuk.com\/en\/wp-json\/wp\/v2\/comments?post=5541"}],"version-history":[{"count":4,"href":"https:\/\/elithukuk.com\/en\/wp-json\/wp\/v2\/pages\/5541\/revisions"}],"predecessor-version":[{"id":5548,"href":"https:\/\/elithukuk.com\/en\/wp-json\/wp\/v2\/pages\/5541\/revisions\/5548"}],"wp:attachment":[{"href":"https:\/\/elithukuk.com\/en\/wp-json\/wp\/v2\/media?parent=5541"}],"curies":[{"name":"wp","href":"https:\/\/api.w.org\/{rel}","templated":true}]}}