{"id":5533,"date":"2021-01-09T17:17:16","date_gmt":"2021-01-09T14:17:16","guid":{"rendered":"https:\/\/elithukuk.com\/?page_id=5533"},"modified":"2021-01-09T17:28:58","modified_gmt":"2021-01-09T14:28:58","slug":"sozlesme-hukuku","status":"publish","type":"page","link":"https:\/\/elithukuk.com\/en\/sozlesme-hukuku\/","title":{"rendered":"S\u00f6zle\u015fme Hukuku"},"content":{"rendered":"\t\t<div data-elementor-type=\"wp-page\" data-elementor-id=\"5533\" class=\"elementor elementor-5533\" data-elementor-settings=\"[]\">\n\t\t\t\t\t\t<div class=\"elementor-inner\">\n\t\t\t\t\t\t\t<div class=\"elementor-section-wrap\">\n\t\t\t\t\t\t\t<section class=\"elementor-section elementor-top-section elementor-element elementor-element-03fe83b elementor-section-boxed elementor-section-height-default elementor-section-height-default qodef-elementor-content-no\" data-id=\"03fe83b\" data-element_type=\"section\">\n\t\t\t\t\t\t<div class=\"elementor-container elementor-column-gap-default\">\n\t\t\t\t\t\t\t<div class=\"elementor-row\">\n\t\t\t\t\t<div class=\"elementor-column elementor-col-33 elementor-top-column elementor-element elementor-element-af7ff66\" data-id=\"af7ff66\" data-element_type=\"column\">\n\t\t\t<div class=\"elementor-column-wrap elementor-element-populated\">\n\t\t\t\t\t\t\t<div class=\"elementor-widget-wrap\">\n\t\t\t\t\t\t<div class=\"elementor-element elementor-element-e6c39cd elementor-widget elementor-widget-image\" data-id=\"e6c39cd\" data-element_type=\"widget\" data-widget_type=\"image.default\">\n\t\t\t\t<div class=\"elementor-widget-container\">\n\t\t\t\t\t<div class=\"elementor-image\">\n\t\t\t\t\t\t\t\t\t\t<img loading=\"lazy\" decoding=\"async\" width=\"350\" height=\"200\" src=\"https:\/\/elithukuk.com\/wp-content\/uploads\/2021\/01\/elit-hukuk-hizmetlerimiz-sozlesme-hukuku.jpg\" class=\"attachment-full size-full\" alt=\"\" srcset=\"https:\/\/elithukuk.com\/wp-content\/uploads\/2021\/01\/elit-hukuk-hizmetlerimiz-sozlesme-hukuku.jpg 350w, https:\/\/elithukuk.com\/wp-content\/uploads\/2021\/01\/elit-hukuk-hizmetlerimiz-sozlesme-hukuku-300x171.jpg 300w\" sizes=\"(max-width: 350px) 100vw, 350px\" \/>\t\t\t\t\t\t\t\t\t\t\t<\/div>\n\t\t\t\t<\/div>\n\t\t\t\t<\/div>\n\t\t\t\t\t\t<\/div>\n\t\t\t\t\t<\/div>\n\t\t<\/div>\n\t\t\t\t<div class=\"elementor-column elementor-col-66 elementor-top-column elementor-element elementor-element-9d0c62f\" data-id=\"9d0c62f\" data-element_type=\"column\">\n\t\t\t<div class=\"elementor-column-wrap elementor-element-populated\">\n\t\t\t\t\t\t\t<div class=\"elementor-widget-wrap\">\n\t\t\t\t\t\t<div class=\"elementor-element elementor-element-98db944 elementor-widget elementor-widget-heading\" data-id=\"98db944\" data-element_type=\"widget\" data-widget_type=\"heading.default\">\n\t\t\t\t<div class=\"elementor-widget-container\">\n\t\t\t<h4 class=\"elementor-heading-title elementor-size-default\">S\u00f6zle\u015fme Hukuku<\/h4>\t\t<\/div>\n\t\t\t\t<\/div>\n\t\t\t\t<div class=\"elementor-element elementor-element-e68f5af elementor-widget elementor-widget-text-editor\" data-id=\"e68f5af\" data-element_type=\"widget\" data-widget_type=\"text-editor.default\">\n\t\t\t\t<div class=\"elementor-widget-container\">\n\t\t\t\t\t<div class=\"elementor-text-editor elementor-clearfix\"><strong>Elit Hukuk B\u00fcrosu olarak, m\u00fcvekkillerimizin ihtiya\u00e7 duydu\u011fu s\u00f6zle\u015fmelerin haz\u0131rlanmas\u0131, yorumlanmas\u0131, m\u00fczekkere edilmesi, imzalanmas\u0131 ve yine s\u00f6zle\u015fmelerin ifas\u0131ndan do\u011fan uyu\u015fmazl\u0131klar\u0131n \u00e7\u00f6z\u00fcm\u00fcnde m\u00fcvekkillerimize hukuki dan\u0131\u015fmanl\u0131k ve avukatl\u0131k hizmeti vermekteyiz. Bu do\u011frultuda olmak \u00fczere her t\u00fcr s\u00f6zle\u015fmeye y\u00f6nelik hukuki g\u00f6r\u00fc\u015f verip m\u00fcvekkillerimizin faaliyetleri esnas\u0131nda kar\u015f\u0131la\u015ft\u0131klar\u0131 s\u00f6zle\u015fmesel sorunlar\u0131n \u00fcstesinden gelmelerine destek olmaktay\u0131z.<\/strong><\/div>\n\t\t\t\t<\/div>\n\t\t\t\t<\/div>\n\t\t\t\t\t\t<\/div>\n\t\t\t\t\t<\/div>\n\t\t<\/div>\n\t\t\t\t\t\t\t\t<\/div>\n\t\t\t\t\t<\/div>\n\t\t<\/section>\n\t\t\t\t\t\t<\/div>\n\t\t\t\t\t\t<\/div>\n\t\t\t\t\t<\/div>\n\t\t","protected":false},"excerpt":{"rendered":"<p>S\u00f6zle\u015fme Hukuku Elit Hukuk B\u00fcrosu olarak, m\u00fcvekkillerimizin ihtiya\u00e7 duydu\u011fu s\u00f6zle\u015fmelerin haz\u0131rlanmas\u0131, yorumlanmas\u0131, m\u00fczekkere edilmesi, imzalanmas\u0131 ve yine s\u00f6zle\u015fmelerin ifas\u0131ndan do\u011fan uyu\u015fmazl\u0131klar\u0131n \u00e7\u00f6z\u00fcm\u00fcnde m\u00fcvekkillerimize hukuki dan\u0131\u015fmanl\u0131k ve avukatl\u0131k hizmeti vermekteyiz. Bu do\u011frultuda olmak \u00fczere her t\u00fcr s\u00f6zle\u015fmeye y\u00f6nelik hukuki g\u00f6r\u00fc\u015f verip m\u00fcvekkillerimizin faaliyetleri esnas\u0131nda kar\u015f\u0131la\u015ft\u0131klar\u0131 s\u00f6zle\u015fmesel sorunlar\u0131n \u00fcstesinden gelmelerine destek olmaktay\u0131z.<\/p>\n","protected":false},"author":2,"featured_media":0,"parent":0,"menu_order":0,"comment_status":"closed","ping_status":"closed","template":"","meta":{"footnotes":""},"class_list":["post-5533","page","type-page","status-publish","hentry"],"_links":{"self":[{"href":"https:\/\/elithukuk.com\/en\/wp-json\/wp\/v2\/pages\/5533"}],"collection":[{"href":"https:\/\/elithukuk.com\/en\/wp-json\/wp\/v2\/pages"}],"about":[{"href":"https:\/\/elithukuk.com\/en\/wp-json\/wp\/v2\/types\/page"}],"author":[{"embeddable":true,"href":"https:\/\/elithukuk.com\/en\/wp-json\/wp\/v2\/users\/2"}],"replies":[{"embeddable":true,"href":"https:\/\/elithukuk.com\/en\/wp-json\/wp\/v2\/comments?post=5533"}],"version-history":[{"count":4,"href":"https:\/\/elithukuk.com\/en\/wp-json\/wp\/v2\/pages\/5533\/revisions"}],"predecessor-version":[{"id":5540,"href":"https:\/\/elithukuk.com\/en\/wp-json\/wp\/v2\/pages\/5533\/revisions\/5540"}],"wp:attachment":[{"href":"https:\/\/elithukuk.com\/en\/wp-json\/wp\/v2\/media?parent=5533"}],"curies":[{"name":"wp","href":"https:\/\/api.w.org\/{rel}","templated":true}]}}