{"id":5509,"date":"2021-01-09T15:46:51","date_gmt":"2021-01-09T12:46:51","guid":{"rendered":"https:\/\/elithukuk.com\/?page_id=5509"},"modified":"2021-01-09T15:49:07","modified_gmt":"2021-01-09T12:49:07","slug":"tuketici-hukuku","status":"publish","type":"page","link":"https:\/\/elithukuk.com\/en\/tuketici-hukuku\/","title":{"rendered":"T\u00fcketici Hukuku"},"content":{"rendered":"\t\t<div data-elementor-type=\"wp-page\" data-elementor-id=\"5509\" class=\"elementor elementor-5509\" data-elementor-settings=\"[]\">\n\t\t\t\t\t\t<div class=\"elementor-inner\">\n\t\t\t\t\t\t\t<div class=\"elementor-section-wrap\">\n\t\t\t\t\t\t\t<section class=\"elementor-section elementor-top-section elementor-element elementor-element-03fe83b elementor-section-boxed elementor-section-height-default elementor-section-height-default qodef-elementor-content-no\" data-id=\"03fe83b\" data-element_type=\"section\">\n\t\t\t\t\t\t<div class=\"elementor-container elementor-column-gap-default\">\n\t\t\t\t\t\t\t<div class=\"elementor-row\">\n\t\t\t\t\t<div class=\"elementor-column elementor-col-33 elementor-top-column elementor-element elementor-element-af7ff66\" data-id=\"af7ff66\" data-element_type=\"column\">\n\t\t\t<div class=\"elementor-column-wrap elementor-element-populated\">\n\t\t\t\t\t\t\t<div class=\"elementor-widget-wrap\">\n\t\t\t\t\t\t<div class=\"elementor-element elementor-element-e6c39cd elementor-widget elementor-widget-image\" data-id=\"e6c39cd\" data-element_type=\"widget\" data-widget_type=\"image.default\">\n\t\t\t\t<div class=\"elementor-widget-container\">\n\t\t\t\t\t<div class=\"elementor-image\">\n\t\t\t\t\t\t\t\t\t\t<img loading=\"lazy\" decoding=\"async\" width=\"350\" height=\"200\" src=\"https:\/\/elithukuk.com\/wp-content\/uploads\/2021\/01\/elit-hukuk-hizmetlerimiz-tuketici-hukuku.jpg\" class=\"attachment-full size-full\" alt=\"\" srcset=\"https:\/\/elithukuk.com\/wp-content\/uploads\/2021\/01\/elit-hukuk-hizmetlerimiz-tuketici-hukuku.jpg 350w, https:\/\/elithukuk.com\/wp-content\/uploads\/2021\/01\/elit-hukuk-hizmetlerimiz-tuketici-hukuku-300x171.jpg 300w\" sizes=\"(max-width: 350px) 100vw, 350px\" \/>\t\t\t\t\t\t\t\t\t\t\t<\/div>\n\t\t\t\t<\/div>\n\t\t\t\t<\/div>\n\t\t\t\t\t\t<\/div>\n\t\t\t\t\t<\/div>\n\t\t<\/div>\n\t\t\t\t<div class=\"elementor-column elementor-col-66 elementor-top-column elementor-element elementor-element-9d0c62f\" data-id=\"9d0c62f\" data-element_type=\"column\">\n\t\t\t<div class=\"elementor-column-wrap elementor-element-populated\">\n\t\t\t\t\t\t\t<div class=\"elementor-widget-wrap\">\n\t\t\t\t\t\t<div class=\"elementor-element elementor-element-98db944 elementor-widget elementor-widget-heading\" data-id=\"98db944\" data-element_type=\"widget\" data-widget_type=\"heading.default\">\n\t\t\t\t<div class=\"elementor-widget-container\">\n\t\t\t<h4 class=\"elementor-heading-title elementor-size-default\">T\u00fcketici Hukuku<\/h4>\t\t<\/div>\n\t\t\t\t<\/div>\n\t\t\t\t<div class=\"elementor-element elementor-element-e68f5af elementor-widget elementor-widget-text-editor\" data-id=\"e68f5af\" data-element_type=\"widget\" data-widget_type=\"text-editor.default\">\n\t\t\t\t<div class=\"elementor-widget-container\">\n\t\t\t\t\t<div class=\"elementor-text-editor elementor-clearfix\"><strong>T\u00fcketicinin Korunmas\u0131 Hakk\u0131ndaki Kanun ve bu kanunla ba\u011flant\u0131l\u0131 mevzuatlar \u00e7er\u00e7evesinde m\u00fcvekkillerimize iki y\u00f6nl\u00fc hizmet sunmaktay\u0131z. Yerli ve yabanc\u0131 bir\u00e7ok m\u00fcvekkil \u015firketin T\u00fcrkiye\u2019deki ta\u015f\u0131nmazlar\u0131yla ilgili uyu\u015fmazl\u0131klar\u0131n \u00e7\u00f6z\u00fcm\u00fc ve di\u011fer t\u00fcketici i\u015f ve i\u015flemlerinden do\u011fan uyu\u015fmazl\u0131klar\u0131n \u00e7\u00f6z\u00fcm\u00fc konusunda yetkin \u015fekilde dan\u0131\u015fmanl\u0131k hizmeti vermekteyiz. Yine t\u00fcketici konumundaki m\u00fcvekkillerimizin de \u015fikayetlerinin T\u00fcketici Hukuku kapsam\u0131nda \u00e7\u00f6z\u00fcm\u00fc i\u00e7in avukatl\u0131k hizmeti sunmaktay\u0131z.<\/strong><\/div>\n\t\t\t\t<\/div>\n\t\t\t\t<\/div>\n\t\t\t\t\t\t<\/div>\n\t\t\t\t\t<\/div>\n\t\t<\/div>\n\t\t\t\t\t\t\t\t<\/div>\n\t\t\t\t\t<\/div>\n\t\t<\/section>\n\t\t\t\t\t\t<\/div>\n\t\t\t\t\t\t<\/div>\n\t\t\t\t\t<\/div>\n\t\t","protected":false},"excerpt":{"rendered":"<p>T\u00fcketici Hukuku T\u00fcketicinin Korunmas\u0131 Hakk\u0131ndaki Kanun ve bu kanunla ba\u011flant\u0131l\u0131 mevzuatlar \u00e7er\u00e7evesinde m\u00fcvekkillerimize iki y\u00f6nl\u00fc hizmet sunmaktay\u0131z. Yerli ve yabanc\u0131 bir\u00e7ok m\u00fcvekkil \u015firketin T\u00fcrkiye\u2019deki ta\u015f\u0131nmazlar\u0131yla ilgili uyu\u015fmazl\u0131klar\u0131n \u00e7\u00f6z\u00fcm\u00fc ve di\u011fer t\u00fcketici i\u015f ve i\u015flemlerinden do\u011fan uyu\u015fmazl\u0131klar\u0131n \u00e7\u00f6z\u00fcm\u00fc konusunda yetkin \u015fekilde dan\u0131\u015fmanl\u0131k hizmeti vermekteyiz. Yine t\u00fcketici konumundaki m\u00fcvekkillerimizin de \u015fikayetlerinin T\u00fcketici Hukuku kapsam\u0131nda \u00e7\u00f6z\u00fcm\u00fc i\u00e7in avukatl\u0131k [&hellip;]<\/p>\n","protected":false},"author":2,"featured_media":0,"parent":0,"menu_order":0,"comment_status":"closed","ping_status":"closed","template":"","meta":{"footnotes":""},"class_list":["post-5509","page","type-page","status-publish","hentry"],"_links":{"self":[{"href":"https:\/\/elithukuk.com\/en\/wp-json\/wp\/v2\/pages\/5509"}],"collection":[{"href":"https:\/\/elithukuk.com\/en\/wp-json\/wp\/v2\/pages"}],"about":[{"href":"https:\/\/elithukuk.com\/en\/wp-json\/wp\/v2\/types\/page"}],"author":[{"embeddable":true,"href":"https:\/\/elithukuk.com\/en\/wp-json\/wp\/v2\/users\/2"}],"replies":[{"embeddable":true,"href":"https:\/\/elithukuk.com\/en\/wp-json\/wp\/v2\/comments?post=5509"}],"version-history":[{"count":4,"href":"https:\/\/elithukuk.com\/en\/wp-json\/wp\/v2\/pages\/5509\/revisions"}],"predecessor-version":[{"id":5516,"href":"https:\/\/elithukuk.com\/en\/wp-json\/wp\/v2\/pages\/5509\/revisions\/5516"}],"wp:attachment":[{"href":"https:\/\/elithukuk.com\/en\/wp-json\/wp\/v2\/media?parent=5509"}],"curies":[{"name":"wp","href":"https:\/\/api.w.org\/{rel}","templated":true}]}}