{"id":5494,"date":"2021-01-09T15:40:54","date_gmt":"2021-01-09T12:40:54","guid":{"rendered":"https:\/\/elithukuk.com\/?page_id=5494"},"modified":"2021-01-09T15:45:07","modified_gmt":"2021-01-09T12:45:07","slug":"fikri-mulkiyet-hukuku","status":"publish","type":"page","link":"https:\/\/elithukuk.com\/en\/fikri-mulkiyet-hukuku\/","title":{"rendered":"Fikri M\u00fclkiyet Hukuku"},"content":{"rendered":"\t\t<div data-elementor-type=\"wp-page\" data-elementor-id=\"5494\" class=\"elementor elementor-5494\" data-elementor-settings=\"[]\">\n\t\t\t\t\t\t<div class=\"elementor-inner\">\n\t\t\t\t\t\t\t<div class=\"elementor-section-wrap\">\n\t\t\t\t\t\t\t<section class=\"elementor-section elementor-top-section elementor-element elementor-element-03fe83b elementor-section-boxed elementor-section-height-default elementor-section-height-default qodef-elementor-content-no\" data-id=\"03fe83b\" data-element_type=\"section\">\n\t\t\t\t\t\t<div class=\"elementor-container elementor-column-gap-default\">\n\t\t\t\t\t\t\t<div class=\"elementor-row\">\n\t\t\t\t\t<div class=\"elementor-column elementor-col-33 elementor-top-column elementor-element elementor-element-af7ff66\" data-id=\"af7ff66\" data-element_type=\"column\">\n\t\t\t<div class=\"elementor-column-wrap elementor-element-populated\">\n\t\t\t\t\t\t\t<div class=\"elementor-widget-wrap\">\n\t\t\t\t\t\t<div class=\"elementor-element elementor-element-e6c39cd elementor-widget elementor-widget-image\" data-id=\"e6c39cd\" data-element_type=\"widget\" data-widget_type=\"image.default\">\n\t\t\t\t<div class=\"elementor-widget-container\">\n\t\t\t\t\t<div class=\"elementor-image\">\n\t\t\t\t\t\t\t\t\t\t<img loading=\"lazy\" decoding=\"async\" width=\"350\" height=\"200\" src=\"https:\/\/elithukuk.com\/wp-content\/uploads\/2021\/01\/elit-hukuk-hizmetlerimiz-fikri-mulkiyet-hukuku.jpg\" class=\"attachment-full size-full\" alt=\"\" srcset=\"https:\/\/elithukuk.com\/wp-content\/uploads\/2021\/01\/elit-hukuk-hizmetlerimiz-fikri-mulkiyet-hukuku.jpg 350w, https:\/\/elithukuk.com\/wp-content\/uploads\/2021\/01\/elit-hukuk-hizmetlerimiz-fikri-mulkiyet-hukuku-300x171.jpg 300w\" sizes=\"(max-width: 350px) 100vw, 350px\" \/>\t\t\t\t\t\t\t\t\t\t\t<\/div>\n\t\t\t\t<\/div>\n\t\t\t\t<\/div>\n\t\t\t\t\t\t<\/div>\n\t\t\t\t\t<\/div>\n\t\t<\/div>\n\t\t\t\t<div class=\"elementor-column elementor-col-66 elementor-top-column elementor-element elementor-element-9d0c62f\" data-id=\"9d0c62f\" data-element_type=\"column\">\n\t\t\t<div class=\"elementor-column-wrap elementor-element-populated\">\n\t\t\t\t\t\t\t<div class=\"elementor-widget-wrap\">\n\t\t\t\t\t\t<div class=\"elementor-element elementor-element-98db944 elementor-widget elementor-widget-heading\" data-id=\"98db944\" data-element_type=\"widget\" data-widget_type=\"heading.default\">\n\t\t\t\t<div class=\"elementor-widget-container\">\n\t\t\t<h4 class=\"elementor-heading-title elementor-size-default\">Fikri M\u00fclkiyet Hukuku<\/h4>\t\t<\/div>\n\t\t\t\t<\/div>\n\t\t\t\t<div class=\"elementor-element elementor-element-e68f5af elementor-widget elementor-widget-text-editor\" data-id=\"e68f5af\" data-element_type=\"widget\" data-widget_type=\"text-editor.default\">\n\t\t\t\t<div class=\"elementor-widget-container\">\n\t\t\t\t\t<div class=\"elementor-text-editor elementor-clearfix\"><strong>M\u00fcvekkillerimize marka, patent ve tasar\u0131m tescil i\u015flemlerinin yap\u0131lmas\u0131 hususunda dan\u0131\u015fmanl\u0131k hizmeti vermenin yan\u0131nda fikri ve s\u0131nai haklar\u0131n haks\u0131z kullan\u0131m\u0131 ile haks\u0131z menfaat elde edilmesi hususlar\u0131nda erken safhada harekete ge\u00e7erek hak kayb\u0131n\u0131n \u00f6nlenmesi ile telif haklar\u0131, lisans s\u00f6zle\u015fmelerinin haz\u0131rlanmas\u0131 ve Fikri M\u00fclkiyet Hukukundan do\u011fan davalar\u0131n takibi konusunda deneyimli ekibimizle aktif bir \u015fekilde sorumluluk \u00fcstlenmekteyiz.<\/strong><\/div>\n\t\t\t\t<\/div>\n\t\t\t\t<\/div>\n\t\t\t\t\t\t<\/div>\n\t\t\t\t\t<\/div>\n\t\t<\/div>\n\t\t\t\t\t\t\t\t<\/div>\n\t\t\t\t\t<\/div>\n\t\t<\/section>\n\t\t\t\t\t\t<\/div>\n\t\t\t\t\t\t<\/div>\n\t\t\t\t\t<\/div>\n\t\t","protected":false},"excerpt":{"rendered":"<p>Fikri M\u00fclkiyet Hukuku M\u00fcvekkillerimize marka, patent ve tasar\u0131m tescil i\u015flemlerinin yap\u0131lmas\u0131 hususunda dan\u0131\u015fmanl\u0131k hizmeti vermenin yan\u0131nda fikri ve s\u0131nai haklar\u0131n haks\u0131z kullan\u0131m\u0131 ile haks\u0131z menfaat elde edilmesi hususlar\u0131nda erken safhada harekete ge\u00e7erek hak kayb\u0131n\u0131n \u00f6nlenmesi ile telif haklar\u0131, lisans s\u00f6zle\u015fmelerinin haz\u0131rlanmas\u0131 ve Fikri M\u00fclkiyet Hukukundan do\u011fan davalar\u0131n takibi konusunda deneyimli ekibimizle aktif bir \u015fekilde sorumluluk [&hellip;]<\/p>\n","protected":false},"author":2,"featured_media":0,"parent":0,"menu_order":0,"comment_status":"closed","ping_status":"closed","template":"","meta":{"footnotes":""},"class_list":["post-5494","page","type-page","status-publish","hentry"],"_links":{"self":[{"href":"https:\/\/elithukuk.com\/en\/wp-json\/wp\/v2\/pages\/5494"}],"collection":[{"href":"https:\/\/elithukuk.com\/en\/wp-json\/wp\/v2\/pages"}],"about":[{"href":"https:\/\/elithukuk.com\/en\/wp-json\/wp\/v2\/types\/page"}],"author":[{"embeddable":true,"href":"https:\/\/elithukuk.com\/en\/wp-json\/wp\/v2\/users\/2"}],"replies":[{"embeddable":true,"href":"https:\/\/elithukuk.com\/en\/wp-json\/wp\/v2\/comments?post=5494"}],"version-history":[{"count":4,"href":"https:\/\/elithukuk.com\/en\/wp-json\/wp\/v2\/pages\/5494\/revisions"}],"predecessor-version":[{"id":5508,"href":"https:\/\/elithukuk.com\/en\/wp-json\/wp\/v2\/pages\/5494\/revisions\/5508"}],"wp:attachment":[{"href":"https:\/\/elithukuk.com\/en\/wp-json\/wp\/v2\/media?parent=5494"}],"curies":[{"name":"wp","href":"https:\/\/api.w.org\/{rel}","templated":true}]}}