{"id":5490,"date":"2021-01-09T15:33:23","date_gmt":"2021-01-09T12:33:23","guid":{"rendered":"https:\/\/elithukuk.com\/?page_id=5490"},"modified":"2021-01-09T15:38:42","modified_gmt":"2021-01-09T12:38:42","slug":"sermaye-piyasasi-hukuku","status":"publish","type":"page","link":"https:\/\/elithukuk.com\/en\/sermaye-piyasasi-hukuku\/","title":{"rendered":"Sermaye Piyasas\u0131 Hukuku"},"content":{"rendered":"\t\t<div data-elementor-type=\"wp-page\" data-elementor-id=\"5490\" class=\"elementor elementor-5490\" data-elementor-settings=\"[]\">\n\t\t\t\t\t\t<div class=\"elementor-inner\">\n\t\t\t\t\t\t\t<div class=\"elementor-section-wrap\">\n\t\t\t\t\t\t\t<section class=\"elementor-section elementor-top-section elementor-element elementor-element-03fe83b elementor-section-boxed elementor-section-height-default elementor-section-height-default qodef-elementor-content-no\" data-id=\"03fe83b\" data-element_type=\"section\">\n\t\t\t\t\t\t<div class=\"elementor-container elementor-column-gap-default\">\n\t\t\t\t\t\t\t<div class=\"elementor-row\">\n\t\t\t\t\t<div class=\"elementor-column elementor-col-33 elementor-top-column elementor-element elementor-element-af7ff66\" data-id=\"af7ff66\" data-element_type=\"column\">\n\t\t\t<div class=\"elementor-column-wrap elementor-element-populated\">\n\t\t\t\t\t\t\t<div class=\"elementor-widget-wrap\">\n\t\t\t\t\t\t<div class=\"elementor-element elementor-element-e6c39cd elementor-widget elementor-widget-image\" data-id=\"e6c39cd\" data-element_type=\"widget\" data-widget_type=\"image.default\">\n\t\t\t\t<div class=\"elementor-widget-container\">\n\t\t\t\t\t<div class=\"elementor-image\">\n\t\t\t\t\t\t\t\t\t\t<img loading=\"lazy\" decoding=\"async\" width=\"350\" height=\"200\" src=\"https:\/\/elithukuk.com\/wp-content\/uploads\/2021\/01\/elit-hukuk-hizmetlerimiz-sermaye-piyasasi-hukuku.jpg\" class=\"attachment-full size-full\" alt=\"\" srcset=\"https:\/\/elithukuk.com\/wp-content\/uploads\/2021\/01\/elit-hukuk-hizmetlerimiz-sermaye-piyasasi-hukuku.jpg 350w, https:\/\/elithukuk.com\/wp-content\/uploads\/2021\/01\/elit-hukuk-hizmetlerimiz-sermaye-piyasasi-hukuku-300x171.jpg 300w\" sizes=\"(max-width: 350px) 100vw, 350px\" \/>\t\t\t\t\t\t\t\t\t\t\t<\/div>\n\t\t\t\t<\/div>\n\t\t\t\t<\/div>\n\t\t\t\t\t\t<\/div>\n\t\t\t\t\t<\/div>\n\t\t<\/div>\n\t\t\t\t<div class=\"elementor-column elementor-col-66 elementor-top-column elementor-element elementor-element-9d0c62f\" data-id=\"9d0c62f\" data-element_type=\"column\">\n\t\t\t<div class=\"elementor-column-wrap elementor-element-populated\">\n\t\t\t\t\t\t\t<div class=\"elementor-widget-wrap\">\n\t\t\t\t\t\t<div class=\"elementor-element elementor-element-98db944 elementor-widget elementor-widget-heading\" data-id=\"98db944\" data-element_type=\"widget\" data-widget_type=\"heading.default\">\n\t\t\t\t<div class=\"elementor-widget-container\">\n\t\t\t<h4 class=\"elementor-heading-title elementor-size-default\">Sermaye Piyasas\u0131 Hukuku<\/h4>\t\t<\/div>\n\t\t\t\t<\/div>\n\t\t\t\t<div class=\"elementor-element elementor-element-e68f5af elementor-widget elementor-widget-text-editor\" data-id=\"e68f5af\" data-element_type=\"widget\" data-widget_type=\"text-editor.default\">\n\t\t\t\t<div class=\"elementor-widget-container\">\n\t\t\t\t\t<div class=\"elementor-text-editor elementor-clearfix\"><strong>Elit Hukuk B\u00fcrosu olarak, 6362 Say\u0131l\u0131 Sermaye Piyasas\u0131 Kanunu \u00e7er\u00e7evesinde yat\u0131r\u0131mc\u0131lar, arac\u0131 kurumlar, d\u00fczenleyici kurumlar ve bu kurumlarda \u00e7al\u0131\u015fan ki\u015filer ile ortak ya da y\u00f6neticileri aras\u0131nda \u00e7\u0131kan uyu\u015fmazl\u0131klar\u0131n \u00e7\u00f6z\u00fcm\u00fc ve haklar\u0131n\u0131n korunmas\u0131 kapsam\u0131nda dan\u0131\u015fmanl\u0131k, arabuluculuk ve avukatl\u0131k hizmeti sunmaktay\u0131z. \u00d6zellikle Sermaye Piyasas\u0131 Kurulu taraf\u0131ndan verilen idari para cezalar\u0131 ile yasaklama kararlar\u0131 ba\u015fta olmak \u00fczere t\u00fcm kurul kararlar\u0131na kar\u015f\u0131 hukuki dan\u0131\u015fmanl\u0131k ve avukatl\u0131k hizmeti kapsam\u0131nda etkin \u00e7\u00f6z\u00fcm \u00f6nerilerini getirmekteyiz.<\/strong><\/div>\n\t\t\t\t<\/div>\n\t\t\t\t<\/div>\n\t\t\t\t\t\t<\/div>\n\t\t\t\t\t<\/div>\n\t\t<\/div>\n\t\t\t\t\t\t\t\t<\/div>\n\t\t\t\t\t<\/div>\n\t\t<\/section>\n\t\t\t\t\t\t<\/div>\n\t\t\t\t\t\t<\/div>\n\t\t\t\t\t<\/div>\n\t\t","protected":false},"excerpt":{"rendered":"<p>Sermaye Piyasas\u0131 Hukuku Elit Hukuk B\u00fcrosu olarak, 6362 Say\u0131l\u0131 Sermaye Piyasas\u0131 Kanunu \u00e7er\u00e7evesinde yat\u0131r\u0131mc\u0131lar, arac\u0131 kurumlar, d\u00fczenleyici kurumlar ve bu kurumlarda \u00e7al\u0131\u015fan ki\u015filer ile ortak ya da y\u00f6neticileri aras\u0131nda \u00e7\u0131kan uyu\u015fmazl\u0131klar\u0131n \u00e7\u00f6z\u00fcm\u00fc ve haklar\u0131n\u0131n korunmas\u0131 kapsam\u0131nda dan\u0131\u015fmanl\u0131k, arabuluculuk ve avukatl\u0131k hizmeti sunmaktay\u0131z. \u00d6zellikle Sermaye Piyasas\u0131 Kurulu taraf\u0131ndan verilen idari para cezalar\u0131 ile yasaklama kararlar\u0131 ba\u015fta [&hellip;]<\/p>\n","protected":false},"author":2,"featured_media":0,"parent":0,"menu_order":0,"comment_status":"closed","ping_status":"closed","template":"","meta":{"footnotes":""},"class_list":["post-5490","page","type-page","status-publish","hentry"],"_links":{"self":[{"href":"https:\/\/elithukuk.com\/en\/wp-json\/wp\/v2\/pages\/5490"}],"collection":[{"href":"https:\/\/elithukuk.com\/en\/wp-json\/wp\/v2\/pages"}],"about":[{"href":"https:\/\/elithukuk.com\/en\/wp-json\/wp\/v2\/types\/page"}],"author":[{"embeddable":true,"href":"https:\/\/elithukuk.com\/en\/wp-json\/wp\/v2\/users\/2"}],"replies":[{"embeddable":true,"href":"https:\/\/elithukuk.com\/en\/wp-json\/wp\/v2\/comments?post=5490"}],"version-history":[{"count":4,"href":"https:\/\/elithukuk.com\/en\/wp-json\/wp\/v2\/pages\/5490\/revisions"}],"predecessor-version":[{"id":5501,"href":"https:\/\/elithukuk.com\/en\/wp-json\/wp\/v2\/pages\/5490\/revisions\/5501"}],"wp:attachment":[{"href":"https:\/\/elithukuk.com\/en\/wp-json\/wp\/v2\/media?parent=5490"}],"curies":[{"name":"wp","href":"https:\/\/api.w.org\/{rel}","templated":true}]}}