{"id":5448,"date":"2021-01-08T11:35:31","date_gmt":"2021-01-08T08:35:31","guid":{"rendered":"https:\/\/elithukuk.com\/?page_id=5448"},"modified":"2021-01-09T19:30:17","modified_gmt":"2021-01-09T16:30:17","slug":"ticaret-hukuku","status":"publish","type":"page","link":"https:\/\/elithukuk.com\/en\/ticaret-hukuku\/","title":{"rendered":"Ticaret Hukuku"},"content":{"rendered":"\t\t<div data-elementor-type=\"wp-page\" data-elementor-id=\"5448\" class=\"elementor elementor-5448\" data-elementor-settings=\"[]\">\n\t\t\t\t\t\t<div class=\"elementor-inner\">\n\t\t\t\t\t\t\t<div class=\"elementor-section-wrap\">\n\t\t\t\t\t\t\t<section class=\"elementor-section elementor-top-section elementor-element elementor-element-03fe83b elementor-section-boxed elementor-section-height-default elementor-section-height-default qodef-elementor-content-no\" data-id=\"03fe83b\" data-element_type=\"section\">\n\t\t\t\t\t\t<div class=\"elementor-container elementor-column-gap-default\">\n\t\t\t\t\t\t\t<div class=\"elementor-row\">\n\t\t\t\t\t<div class=\"elementor-column elementor-col-33 elementor-top-column elementor-element elementor-element-af7ff66\" data-id=\"af7ff66\" data-element_type=\"column\">\n\t\t\t<div class=\"elementor-column-wrap elementor-element-populated\">\n\t\t\t\t\t\t\t<div class=\"elementor-widget-wrap\">\n\t\t\t\t\t\t<div class=\"elementor-element elementor-element-e6c39cd elementor-widget elementor-widget-image\" data-id=\"e6c39cd\" data-element_type=\"widget\" data-widget_type=\"image.default\">\n\t\t\t\t<div class=\"elementor-widget-container\">\n\t\t\t\t\t<div class=\"elementor-image\">\n\t\t\t\t\t\t\t\t\t\t<img loading=\"lazy\" decoding=\"async\" width=\"350\" height=\"200\" src=\"https:\/\/elithukuk.com\/wp-content\/uploads\/2021\/01\/elit-hukuk-hizmetlerimiz-ticaret-hukuku-2.jpg\" class=\"attachment-full size-full\" alt=\"\" srcset=\"https:\/\/elithukuk.com\/wp-content\/uploads\/2021\/01\/elit-hukuk-hizmetlerimiz-ticaret-hukuku-2.jpg 350w, https:\/\/elithukuk.com\/wp-content\/uploads\/2021\/01\/elit-hukuk-hizmetlerimiz-ticaret-hukuku-2-300x171.jpg 300w\" sizes=\"(max-width: 350px) 100vw, 350px\" \/>\t\t\t\t\t\t\t\t\t\t\t<\/div>\n\t\t\t\t<\/div>\n\t\t\t\t<\/div>\n\t\t\t\t\t\t<\/div>\n\t\t\t\t\t<\/div>\n\t\t<\/div>\n\t\t\t\t<div class=\"elementor-column elementor-col-66 elementor-top-column elementor-element elementor-element-9d0c62f\" data-id=\"9d0c62f\" data-element_type=\"column\">\n\t\t\t<div class=\"elementor-column-wrap elementor-element-populated\">\n\t\t\t\t\t\t\t<div class=\"elementor-widget-wrap\">\n\t\t\t\t\t\t<div class=\"elementor-element elementor-element-98db944 elementor-widget elementor-widget-heading\" data-id=\"98db944\" data-element_type=\"widget\" data-widget_type=\"heading.default\">\n\t\t\t\t<div class=\"elementor-widget-container\">\n\t\t\t<h4 class=\"elementor-heading-title elementor-size-default\">Ticaret Hukuku<\/h4>\t\t<\/div>\n\t\t\t\t<\/div>\n\t\t\t\t<div class=\"elementor-element elementor-element-e68f5af elementor-widget elementor-widget-text-editor\" data-id=\"e68f5af\" data-element_type=\"widget\" data-widget_type=\"text-editor.default\">\n\t\t\t\t<div class=\"elementor-widget-container\">\n\t\t\t\t\t<div class=\"elementor-text-editor elementor-clearfix\">\n<p><strong>Elit Hukuk B\u00fcrosu olarak, ulusal ve uluslararas\u0131 bir\u00e7ok \u015firkete Ticaret Hukuku alan\u0131nda dan\u0131\u015fmanl\u0131k ve avukatl\u0131k hizmeti sunmaktay\u0131z. Sundu\u011fumuz hizmetler, \u015firketlerin ba\u015fta ticari uyu\u015fmazl\u0131klar\u0131n\u0131n hukuksal zeminde \u00e7\u00f6z\u00fcm\u00fc olmak \u00fczere \u015firket kurulu\u015fu, tescili, devri, sat\u0131n al\u0131nmas\u0131, birle\u015fme, sermaye art\u0131r\u0131m\u0131, halka a\u00e7\u0131lmas\u0131, devralma, tasfiye ve benzeri i\u015flerini de kapsamaktad\u0131r. Yine m\u00fcvekkillerimizin, ticari faaliyetlerini y\u00fcr\u00fct\u00fcrken atmalar\u0131 gereken ad\u0131mlar\u0131n sa\u011fl\u0131kl\u0131 ve hukuka uygun \u015fekilde olmas\u0131 i\u00e7in kendilerini y\u00f6nlendirmekte ve faaliyetleri kapsam\u0131nda gerekli s\u00f6zle\u015fmeleri haz\u0131rlayarak payla\u015fmaktay\u0131z.<\/strong><\/p>\n<\/div>\n\t\t\t\t<\/div>\n\t\t\t\t<\/div>\n\t\t\t\t\t\t<\/div>\n\t\t\t\t\t<\/div>\n\t\t<\/div>\n\t\t\t\t\t\t\t\t<\/div>\n\t\t\t\t\t<\/div>\n\t\t<\/section>\n\t\t\t\t\t\t<\/div>\n\t\t\t\t\t\t<\/div>\n\t\t\t\t\t<\/div>\n\t\t","protected":false},"excerpt":{"rendered":"<p>Ticaret Hukuku Elit Hukuk B\u00fcrosu olarak, ulusal ve uluslararas\u0131 bir\u00e7ok \u015firkete Ticaret Hukuku alan\u0131nda dan\u0131\u015fmanl\u0131k ve avukatl\u0131k hizmeti sunmaktay\u0131z. Sundu\u011fumuz hizmetler, \u015firketlerin ba\u015fta ticari uyu\u015fmazl\u0131klar\u0131n\u0131n hukuksal zeminde \u00e7\u00f6z\u00fcm\u00fc olmak \u00fczere \u015firket kurulu\u015fu, tescili, devri, sat\u0131n al\u0131nmas\u0131, birle\u015fme, sermaye art\u0131r\u0131m\u0131, halka a\u00e7\u0131lmas\u0131, devralma, tasfiye ve benzeri i\u015flerini de kapsamaktad\u0131r. Yine m\u00fcvekkillerimizin, ticari faaliyetlerini y\u00fcr\u00fct\u00fcrken atmalar\u0131 gereken [&hellip;]<\/p>\n","protected":false},"author":2,"featured_media":0,"parent":0,"menu_order":0,"comment_status":"closed","ping_status":"closed","template":"","meta":{"footnotes":""},"class_list":["post-5448","page","type-page","status-publish","hentry"],"_links":{"self":[{"href":"https:\/\/elithukuk.com\/en\/wp-json\/wp\/v2\/pages\/5448"}],"collection":[{"href":"https:\/\/elithukuk.com\/en\/wp-json\/wp\/v2\/pages"}],"about":[{"href":"https:\/\/elithukuk.com\/en\/wp-json\/wp\/v2\/types\/page"}],"author":[{"embeddable":true,"href":"https:\/\/elithukuk.com\/en\/wp-json\/wp\/v2\/users\/2"}],"replies":[{"embeddable":true,"href":"https:\/\/elithukuk.com\/en\/wp-json\/wp\/v2\/comments?post=5448"}],"version-history":[{"count":17,"href":"https:\/\/elithukuk.com\/en\/wp-json\/wp\/v2\/pages\/5448\/revisions"}],"predecessor-version":[{"id":5641,"href":"https:\/\/elithukuk.com\/en\/wp-json\/wp\/v2\/pages\/5448\/revisions\/5641"}],"wp:attachment":[{"href":"https:\/\/elithukuk.com\/en\/wp-json\/wp\/v2\/media?parent=5448"}],"curies":[{"name":"wp","href":"https:\/\/api.w.org\/{rel}","templated":true}]}}